{"id":3094,"date":"2021-07-26T12:07:51","date_gmt":"2021-07-26T10:07:51","guid":{"rendered":"https:\/\/www.parkingaparca.com\/producto\/bonos-parking-cantones\/"},"modified":"2025-09-01T00:03:03","modified_gmt":"2025-08-31T22:03:03","slug":"cantones-bonos-de-3-30-dias","status":"publish","type":"product","link":"https:\/\/www.parkingaparca.com\/gl\/producto\/cantones-bonos-de-3-30-dias\/","title":{"rendered":"Bonos Parking Cantones"},"content":{"rendered":"<h2>Bonos para o Parking de Cantones<\/h2>\n<p>Compra os teus bonos directamente desde a nosa web:<\/p>\n<ol>\n<li>Selecciona o bono que mellor se adapte a ti: 3, 5, 7, 15 ou 30 d\u00edas.<\/li>\n<li>Eng\u00e1deo ao carri\u00f1o e realiza o pago.<\/li>\n<li>Chegarache un email de confirmaci\u00f3n de pedido.<\/li>\n<li><strong>Chegarache outro email co teu bono, listo para usar!<\/strong><\/li>\n<\/ol>\n<h3><em>Compra f\u00e1cil, r\u00e1pido e seguro.<\/em><\/h3>\n","protected":false},"excerpt":{"rendered":"<h2 style=\"margin-top: -15px; line-height: 10px;\">Bonos Cantones<\/h2>\n<h3 style=\"margin-top: 0px; margin-bottom: 0px;\">Selecciona o bono que mellor se adapte a ti: <strong>3, 5, 7, 15 ou 30 d\u00edas.<\/strong><\/h3>\n","protected":false},"featured_media":2902,"comment_status":"closed","ping_status":"closed","template":"","meta":[],"product_brand":[],"product_cat":[28,21,36],"product_tag":[],"class_list":{"0":"post-3094","1":"product","2":"type-product","3":"status-publish","4":"has-post-thumbnail","6":"product_cat-a-coruna","7":"product_cat-parking","8":"product_cat-qr","9":"sales-flash-overlay","10":"woocommerce-text-align-center","11":"woocommerce-image-align-center","12":"do-quantity-buttons","14":"first","15":"outofstock","16":"sold-individually","17":"taxable","18":"shipping-taxable","19":"purchasable","20":"product-type-variable","21":"has-default-attributes"},"yoast_head":"<!-- This site is optimized with the Yoast SEO plugin v27.4 - https:\/\/yoast.com\/product\/yoast-seo-wordpress\/ -->\n<title>Bonos Parking Cantones<\/title>\n<meta name=\"description\" content=\"Compra en Parking Cant\u00f3ns os teus bonos por d\u00edas desde a nosa web. Elixe entres 3, 5, 7, 15 e 30 d\u00edas. Compra f\u00e1cil e seguro.\" \/>\n<meta name=\"robots\" content=\"index, follow, max-snippet:-1, max-image-preview:large, max-video-preview:-1\" \/>\n<link rel=\"canonical\" href=\"https:\/\/www.parkingaparca.com\/gl\/producto\/cantones-bonos-de-3-30-dias\/\" \/>\n<meta property=\"og:locale\" content=\"gl_ES\" \/>\n<meta property=\"og:type\" content=\"article\" \/>\n<meta property=\"og:title\" content=\"Bonos Parking Cantones\" \/>\n<meta property=\"og:description\" content=\"Compra en Parking Cant\u00f3ns os teus bonos por d\u00edas desde a nosa web. Elixe entres 3, 5, 7, 15 e 30 d\u00edas. Compra f\u00e1cil e seguro.\" \/>\n<meta property=\"og:url\" content=\"https:\/\/www.parkingaparca.com\/gl\/producto\/cantones-bonos-de-3-30-dias\/\" \/>\n<meta property=\"og:site_name\" content=\"Parking aparcaT\" \/>\n<meta property=\"article:publisher\" content=\"https:\/\/www.facebook.com\/parkingaparca\/\" \/>\n<meta property=\"article:modified_time\" content=\"2025-08-31T22:03:03+00:00\" \/>\n<meta property=\"og:image\" content=\"https:\/\/www.parkingaparca.com\/wp-content\/uploads\/2021\/07\/Parking-Cantones-bonos.png\" \/>\n\t<meta property=\"og:image:width\" content=\"1037\" \/>\n\t<meta property=\"og:image:height\" content=\"1037\" \/>\n\t<meta property=\"og:image:type\" content=\"image\/png\" \/>\n<meta name=\"twitter:card\" content=\"summary_large_image\" \/>\n<script type=\"application\/ld+json\" class=\"yoast-schema-graph\">{\"@context\":\"https:\\\/\\\/schema.org\",\"@graph\":[{\"@type\":\"WebPage\",\"@id\":\"https:\\\/\\\/www.parkingaparca.com\\\/gl\\\/producto\\\/cantones-bonos-de-3-30-dias\\\/\",\"url\":\"https:\\\/\\\/www.parkingaparca.com\\\/gl\\\/producto\\\/cantones-bonos-de-3-30-dias\\\/\",\"name\":\"Bonos Parking Cantones\",\"isPartOf\":{\"@id\":\"https:\\\/\\\/www.parkingaparca.com\\\/gl\\\/#website\"},\"primaryImageOfPage\":{\"@id\":\"https:\\\/\\\/www.parkingaparca.com\\\/gl\\\/producto\\\/cantones-bonos-de-3-30-dias\\\/#primaryimage\"},\"image\":{\"@id\":\"https:\\\/\\\/www.parkingaparca.com\\\/gl\\\/producto\\\/cantones-bonos-de-3-30-dias\\\/#primaryimage\"},\"thumbnailUrl\":\"https:\\\/\\\/www.parkingaparca.com\\\/wp-content\\\/uploads\\\/2021\\\/07\\\/Parking-Cantones-bonos.png\",\"datePublished\":\"2021-07-26T10:07:51+00:00\",\"dateModified\":\"2025-08-31T22:03:03+00:00\",\"description\":\"Compra en Parking Cant\u00f3ns os teus bonos por d\u00edas desde a nosa web. Elixe entres 3, 5, 7, 15 e 30 d\u00edas. Compra f\u00e1cil e seguro.\",\"breadcrumb\":{\"@id\":\"https:\\\/\\\/www.parkingaparca.com\\\/gl\\\/producto\\\/cantones-bonos-de-3-30-dias\\\/#breadcrumb\"},\"inLanguage\":\"gl-ES\",\"potentialAction\":[{\"@type\":\"ReadAction\",\"target\":[\"https:\\\/\\\/www.parkingaparca.com\\\/gl\\\/producto\\\/cantones-bonos-de-3-30-dias\\\/\"]}]},{\"@type\":\"ImageObject\",\"inLanguage\":\"gl-ES\",\"@id\":\"https:\\\/\\\/www.parkingaparca.com\\\/gl\\\/producto\\\/cantones-bonos-de-3-30-dias\\\/#primaryimage\",\"url\":\"https:\\\/\\\/www.parkingaparca.com\\\/wp-content\\\/uploads\\\/2021\\\/07\\\/Parking-Cantones-bonos.png\",\"contentUrl\":\"https:\\\/\\\/www.parkingaparca.com\\\/wp-content\\\/uploads\\\/2021\\\/07\\\/Parking-Cantones-bonos.png\",\"width\":1037,\"height\":1037,\"caption\":\"Parking Cantones Bonos\"},{\"@type\":\"BreadcrumbList\",\"@id\":\"https:\\\/\\\/www.parkingaparca.com\\\/gl\\\/producto\\\/cantones-bonos-de-3-30-dias\\\/#breadcrumb\",\"itemListElement\":[{\"@type\":\"ListItem\",\"position\":1,\"name\":\"Portada\",\"item\":\"https:\\\/\\\/www.parkingaparca.com\\\/gl\\\/\"},{\"@type\":\"ListItem\",\"position\":2,\"name\":\"Tendas\",\"item\":\"https:\\\/\\\/www.parkingaparca.com\\\/gl\\\/tienda\\\/\"},{\"@type\":\"ListItem\",\"position\":3,\"name\":\"Bonos Parking Cantones\"}]},{\"@type\":\"WebSite\",\"@id\":\"https:\\\/\\\/www.parkingaparca.com\\\/gl\\\/#website\",\"url\":\"https:\\\/\\\/www.parkingaparca.com\\\/gl\\\/\",\"name\":\"Parking aparcaT\",\"description\":\"Tu aparcamiento en el centro de A Coru\u00f1a, Betanzos y Vigo.\",\"publisher\":{\"@id\":\"https:\\\/\\\/www.parkingaparca.com\\\/gl\\\/#organization\"},\"potentialAction\":[{\"@type\":\"SearchAction\",\"target\":{\"@type\":\"EntryPoint\",\"urlTemplate\":\"https:\\\/\\\/www.parkingaparca.com\\\/gl\\\/?s={search_term_string}\"},\"query-input\":{\"@type\":\"PropertyValueSpecification\",\"valueRequired\":true,\"valueName\":\"search_term_string\"}}],\"inLanguage\":\"gl-ES\"},{\"@type\":\"Organization\",\"@id\":\"https:\\\/\\\/www.parkingaparca.com\\\/gl\\\/#organization\",\"name\":\"Parking AparcaT\",\"url\":\"https:\\\/\\\/www.parkingaparca.com\\\/gl\\\/\",\"logo\":{\"@type\":\"ImageObject\",\"inLanguage\":\"gl-ES\",\"@id\":\"https:\\\/\\\/www.parkingaparca.com\\\/gl\\\/#\\\/schema\\\/logo\\\/image\\\/\",\"url\":\"https:\\\/\\\/www.parkingaparca.com\\\/wp-content\\\/uploads\\\/2019\\\/11\\\/logo_aparcaT.png\",\"contentUrl\":\"https:\\\/\\\/www.parkingaparca.com\\\/wp-content\\\/uploads\\\/2019\\\/11\\\/logo_aparcaT.png\",\"width\":800,\"height\":265,\"caption\":\"Parking AparcaT\"},\"image\":{\"@id\":\"https:\\\/\\\/www.parkingaparca.com\\\/gl\\\/#\\\/schema\\\/logo\\\/image\\\/\"},\"sameAs\":[\"https:\\\/\\\/www.facebook.com\\\/parkingaparca\\\/\",\"https:\\\/\\\/www.instagram.com\\\/parkingaparcat\\\/\"]}]}<\/script>\n<!-- \/ Yoast SEO plugin. -->","yoast_head_json":{"title":"Bonos Parking Cantones","description":"Compra en Parking Cant\u00f3ns os teus bonos por d\u00edas desde a nosa web. Elixe entres 3, 5, 7, 15 e 30 d\u00edas. Compra f\u00e1cil e seguro.","robots":{"index":"index","follow":"follow","max-snippet":"max-snippet:-1","max-image-preview":"max-image-preview:large","max-video-preview":"max-video-preview:-1"},"canonical":"https:\/\/www.parkingaparca.com\/gl\/producto\/cantones-bonos-de-3-30-dias\/","og_locale":"gl_ES","og_type":"article","og_title":"Bonos Parking Cantones","og_description":"Compra en Parking Cant\u00f3ns os teus bonos por d\u00edas desde a nosa web. Elixe entres 3, 5, 7, 15 e 30 d\u00edas. Compra f\u00e1cil e seguro.","og_url":"https:\/\/www.parkingaparca.com\/gl\/producto\/cantones-bonos-de-3-30-dias\/","og_site_name":"Parking aparcaT","article_publisher":"https:\/\/www.facebook.com\/parkingaparca\/","article_modified_time":"2025-08-31T22:03:03+00:00","og_image":[{"width":1037,"height":1037,"url":"https:\/\/www.parkingaparca.com\/wp-content\/uploads\/2021\/07\/Parking-Cantones-bonos.png","type":"image\/png"}],"twitter_card":"summary_large_image","schema":{"@context":"https:\/\/schema.org","@graph":[{"@type":"WebPage","@id":"https:\/\/www.parkingaparca.com\/gl\/producto\/cantones-bonos-de-3-30-dias\/","url":"https:\/\/www.parkingaparca.com\/gl\/producto\/cantones-bonos-de-3-30-dias\/","name":"Bonos Parking Cantones","isPartOf":{"@id":"https:\/\/www.parkingaparca.com\/gl\/#website"},"primaryImageOfPage":{"@id":"https:\/\/www.parkingaparca.com\/gl\/producto\/cantones-bonos-de-3-30-dias\/#primaryimage"},"image":{"@id":"https:\/\/www.parkingaparca.com\/gl\/producto\/cantones-bonos-de-3-30-dias\/#primaryimage"},"thumbnailUrl":"https:\/\/www.parkingaparca.com\/wp-content\/uploads\/2021\/07\/Parking-Cantones-bonos.png","datePublished":"2021-07-26T10:07:51+00:00","dateModified":"2025-08-31T22:03:03+00:00","description":"Compra en Parking Cant\u00f3ns os teus bonos por d\u00edas desde a nosa web. Elixe entres 3, 5, 7, 15 e 30 d\u00edas. Compra f\u00e1cil e seguro.","breadcrumb":{"@id":"https:\/\/www.parkingaparca.com\/gl\/producto\/cantones-bonos-de-3-30-dias\/#breadcrumb"},"inLanguage":"gl-ES","potentialAction":[{"@type":"ReadAction","target":["https:\/\/www.parkingaparca.com\/gl\/producto\/cantones-bonos-de-3-30-dias\/"]}]},{"@type":"ImageObject","inLanguage":"gl-ES","@id":"https:\/\/www.parkingaparca.com\/gl\/producto\/cantones-bonos-de-3-30-dias\/#primaryimage","url":"https:\/\/www.parkingaparca.com\/wp-content\/uploads\/2021\/07\/Parking-Cantones-bonos.png","contentUrl":"https:\/\/www.parkingaparca.com\/wp-content\/uploads\/2021\/07\/Parking-Cantones-bonos.png","width":1037,"height":1037,"caption":"Parking Cantones Bonos"},{"@type":"BreadcrumbList","@id":"https:\/\/www.parkingaparca.com\/gl\/producto\/cantones-bonos-de-3-30-dias\/#breadcrumb","itemListElement":[{"@type":"ListItem","position":1,"name":"Portada","item":"https:\/\/www.parkingaparca.com\/gl\/"},{"@type":"ListItem","position":2,"name":"Tendas","item":"https:\/\/www.parkingaparca.com\/gl\/tienda\/"},{"@type":"ListItem","position":3,"name":"Bonos Parking Cantones"}]},{"@type":"WebSite","@id":"https:\/\/www.parkingaparca.com\/gl\/#website","url":"https:\/\/www.parkingaparca.com\/gl\/","name":"Parking aparcaT","description":"Tu aparcamiento en el centro de A Coru\u00f1a, Betanzos y Vigo.","publisher":{"@id":"https:\/\/www.parkingaparca.com\/gl\/#organization"},"potentialAction":[{"@type":"SearchAction","target":{"@type":"EntryPoint","urlTemplate":"https:\/\/www.parkingaparca.com\/gl\/?s={search_term_string}"},"query-input":{"@type":"PropertyValueSpecification","valueRequired":true,"valueName":"search_term_string"}}],"inLanguage":"gl-ES"},{"@type":"Organization","@id":"https:\/\/www.parkingaparca.com\/gl\/#organization","name":"Parking AparcaT","url":"https:\/\/www.parkingaparca.com\/gl\/","logo":{"@type":"ImageObject","inLanguage":"gl-ES","@id":"https:\/\/www.parkingaparca.com\/gl\/#\/schema\/logo\/image\/","url":"https:\/\/www.parkingaparca.com\/wp-content\/uploads\/2019\/11\/logo_aparcaT.png","contentUrl":"https:\/\/www.parkingaparca.com\/wp-content\/uploads\/2019\/11\/logo_aparcaT.png","width":800,"height":265,"caption":"Parking AparcaT"},"image":{"@id":"https:\/\/www.parkingaparca.com\/gl\/#\/schema\/logo\/image\/"},"sameAs":["https:\/\/www.facebook.com\/parkingaparca\/","https:\/\/www.instagram.com\/parkingaparcat\/"]}]}},"_links":{"self":[{"href":"https:\/\/www.parkingaparca.com\/gl\/wp-json\/wp\/v2\/product\/3094","targetHints":{"allow":["GET"]}}],"collection":[{"href":"https:\/\/www.parkingaparca.com\/gl\/wp-json\/wp\/v2\/product"}],"about":[{"href":"https:\/\/www.parkingaparca.com\/gl\/wp-json\/wp\/v2\/types\/product"}],"replies":[{"embeddable":true,"href":"https:\/\/www.parkingaparca.com\/gl\/wp-json\/wp\/v2\/comments?post=3094"}],"wp:featuredmedia":[{"embeddable":true,"href":"https:\/\/www.parkingaparca.com\/gl\/wp-json\/wp\/v2\/media\/2902"}],"wp:attachment":[{"href":"https:\/\/www.parkingaparca.com\/gl\/wp-json\/wp\/v2\/media?parent=3094"}],"wp:term":[{"taxonomy":"product_brand","embeddable":true,"href":"https:\/\/www.parkingaparca.com\/gl\/wp-json\/wp\/v2\/product_brand?post=3094"},{"taxonomy":"product_cat","embeddable":true,"href":"https:\/\/www.parkingaparca.com\/gl\/wp-json\/wp\/v2\/product_cat?post=3094"},{"taxonomy":"product_tag","embeddable":true,"href":"https:\/\/www.parkingaparca.com\/gl\/wp-json\/wp\/v2\/product_tag?post=3094"}],"curies":[{"name":"wp","href":"https:\/\/api.w.org\/{rel}","templated":true}]}}