{"id":3062,"date":"2021-08-03T14:46:01","date_gmt":"2021-08-03T12:46:01","guid":{"rendered":"https:\/\/www.parkingaparca.com\/producto\/tarxeta-multiparking\/"},"modified":"2021-08-03T14:46:01","modified_gmt":"2021-08-03T12:46:01","slug":"tarxeta-multiparking","status":"publish","type":"product","link":"https:\/\/www.parkingaparca.com\/gl\/producto\/tarxeta-multiparking\/","title":{"rendered":"Tarxeta multiparking"},"content":{"rendered":"<h2>Tarxeta multiparking<\/h2>\n<h3><strong>50 horas = 60 \u20ac<\/strong><\/h3>\n<p>Compra a t\u00faa tarxeta multiparking directamente na nosa web:<\/p>\n<ol>\n<li>Selecciona onde recoller a tarxeta: Palexco (A Coru\u00f1a), Betanzos ou Camelias (Vigo).<\/li>\n<li>Eng\u00e1deo ao carri\u00f1o e realiza o pago de forma sinxela, r\u00e1pida e segura.<\/li>\n<li>Recibir\u00e1s un correo electr\u00f3nico de confirmaci\u00f3n do pedido.<\/li>\n<li><strong>Xa podes recoller a t\u00faa tarxeta no aparcadoiro seleccionado e aparcar en calquera dos nosos aparcadoiros.<\/strong><\/li>\n<\/ol>\n<h3><em>Aforra tempo e di\u00f1eiro para aparcar.<\/em><\/h3>\n","protected":false},"excerpt":{"rendered":"<h3>Seleccione onde recoller a tarxeta.<\/h3>\n","protected":false},"featured_media":2968,"comment_status":"closed","ping_status":"closed","template":"","meta":[],"product_brand":[],"product_cat":[21],"product_tag":[],"class_list":{"0":"post-3062","1":"product","2":"type-product","3":"status-publish","4":"has-post-thumbnail","6":"product_cat-parking","7":"sales-flash-overlay","8":"woocommerce-text-align-center","9":"woocommerce-image-align-center","10":"do-quantity-buttons","12":"first","13":"outofstock","14":"sold-individually","15":"taxable","16":"shipping-taxable","17":"product-type-variable"},"yoast_head":"<!-- This site is optimized with the Yoast SEO plugin v27.4 - https:\/\/yoast.com\/product\/yoast-seo-wordpress\/ -->\n<title>Tarxeta multiparking | Parking aparcaT | A Coru\u00f1a e Vigo<\/title>\n<meta name=\"description\" content=\"Compra en li\u00f1a a t\u00faa tarxeta multiparking. Elixe onde recollela e aparca en calquera dos nosos aparcadoiros de Coru\u00f1a, Betanzos e Vigo.\" \/>\n<meta name=\"robots\" content=\"index, follow, max-snippet:-1, max-image-preview:large, max-video-preview:-1\" \/>\n<link rel=\"canonical\" href=\"https:\/\/www.parkingaparca.com\/gl\/producto\/tarxeta-multiparking\/\" \/>\n<meta property=\"og:locale\" content=\"gl_ES\" \/>\n<meta property=\"og:type\" content=\"article\" \/>\n<meta property=\"og:title\" content=\"Tarxeta multiparking | Parking aparcaT | A Coru\u00f1a e Vigo\" \/>\n<meta property=\"og:description\" content=\"Compra en li\u00f1a a t\u00faa tarxeta multiparking. Elixe onde recollela e aparca en calquera dos nosos aparcadoiros de Coru\u00f1a, Betanzos e Vigo.\" \/>\n<meta property=\"og:url\" content=\"https:\/\/www.parkingaparca.com\/gl\/producto\/tarxeta-multiparking\/\" \/>\n<meta property=\"og:site_name\" content=\"Parking aparcaT\" \/>\n<meta property=\"article:publisher\" content=\"https:\/\/www.facebook.com\/parkingaparca\/\" \/>\n<meta property=\"og:image\" content=\"https:\/\/www.parkingaparca.com\/wp-content\/uploads\/2021\/08\/aparcaT-tarjeta-multiparking-60.png\" \/>\n\t<meta property=\"og:image:width\" content=\"1000\" \/>\n\t<meta property=\"og:image:height\" content=\"1000\" \/>\n\t<meta property=\"og:image:type\" content=\"image\/png\" \/>\n<meta name=\"twitter:card\" content=\"summary_large_image\" \/>\n<script type=\"application\/ld+json\" class=\"yoast-schema-graph\">{\"@context\":\"https:\\\/\\\/schema.org\",\"@graph\":[{\"@type\":\"WebPage\",\"@id\":\"https:\\\/\\\/www.parkingaparca.com\\\/gl\\\/producto\\\/tarxeta-multiparking\\\/\",\"url\":\"https:\\\/\\\/www.parkingaparca.com\\\/gl\\\/producto\\\/tarxeta-multiparking\\\/\",\"name\":\"Tarxeta multiparking | Parking aparcaT | A Coru\u00f1a e Vigo\",\"isPartOf\":{\"@id\":\"https:\\\/\\\/www.parkingaparca.com\\\/gl\\\/#website\"},\"primaryImageOfPage\":{\"@id\":\"https:\\\/\\\/www.parkingaparca.com\\\/gl\\\/producto\\\/tarxeta-multiparking\\\/#primaryimage\"},\"image\":{\"@id\":\"https:\\\/\\\/www.parkingaparca.com\\\/gl\\\/producto\\\/tarxeta-multiparking\\\/#primaryimage\"},\"thumbnailUrl\":\"https:\\\/\\\/www.parkingaparca.com\\\/wp-content\\\/uploads\\\/2021\\\/08\\\/aparcaT-tarjeta-multiparking-60.png\",\"datePublished\":\"2021-08-03T12:46:01+00:00\",\"description\":\"Compra en li\u00f1a a t\u00faa tarxeta multiparking. Elixe onde recollela e aparca en calquera dos nosos aparcadoiros de Coru\u00f1a, Betanzos e Vigo.\",\"breadcrumb\":{\"@id\":\"https:\\\/\\\/www.parkingaparca.com\\\/gl\\\/producto\\\/tarxeta-multiparking\\\/#breadcrumb\"},\"inLanguage\":\"gl-ES\",\"potentialAction\":[{\"@type\":\"ReadAction\",\"target\":[\"https:\\\/\\\/www.parkingaparca.com\\\/gl\\\/producto\\\/tarxeta-multiparking\\\/\"]}]},{\"@type\":\"ImageObject\",\"inLanguage\":\"gl-ES\",\"@id\":\"https:\\\/\\\/www.parkingaparca.com\\\/gl\\\/producto\\\/tarxeta-multiparking\\\/#primaryimage\",\"url\":\"https:\\\/\\\/www.parkingaparca.com\\\/wp-content\\\/uploads\\\/2021\\\/08\\\/aparcaT-tarjeta-multiparking-60.png\",\"contentUrl\":\"https:\\\/\\\/www.parkingaparca.com\\\/wp-content\\\/uploads\\\/2021\\\/08\\\/aparcaT-tarjeta-multiparking-60.png\",\"width\":1000,\"height\":1000,\"caption\":\"aparcaT tarxeta multiparking\"},{\"@type\":\"BreadcrumbList\",\"@id\":\"https:\\\/\\\/www.parkingaparca.com\\\/gl\\\/producto\\\/tarxeta-multiparking\\\/#breadcrumb\",\"itemListElement\":[{\"@type\":\"ListItem\",\"position\":1,\"name\":\"Portada\",\"item\":\"https:\\\/\\\/www.parkingaparca.com\\\/gl\\\/\"},{\"@type\":\"ListItem\",\"position\":2,\"name\":\"Tendas\",\"item\":\"https:\\\/\\\/www.parkingaparca.com\\\/gl\\\/tienda\\\/\"},{\"@type\":\"ListItem\",\"position\":3,\"name\":\"Tarxeta multiparking\"}]},{\"@type\":\"WebSite\",\"@id\":\"https:\\\/\\\/www.parkingaparca.com\\\/gl\\\/#website\",\"url\":\"https:\\\/\\\/www.parkingaparca.com\\\/gl\\\/\",\"name\":\"Parking aparcaT\",\"description\":\"Tu aparcamiento en el centro de A Coru\u00f1a, Betanzos y Vigo.\",\"publisher\":{\"@id\":\"https:\\\/\\\/www.parkingaparca.com\\\/gl\\\/#organization\"},\"potentialAction\":[{\"@type\":\"SearchAction\",\"target\":{\"@type\":\"EntryPoint\",\"urlTemplate\":\"https:\\\/\\\/www.parkingaparca.com\\\/gl\\\/?s={search_term_string}\"},\"query-input\":{\"@type\":\"PropertyValueSpecification\",\"valueRequired\":true,\"valueName\":\"search_term_string\"}}],\"inLanguage\":\"gl-ES\"},{\"@type\":\"Organization\",\"@id\":\"https:\\\/\\\/www.parkingaparca.com\\\/gl\\\/#organization\",\"name\":\"Parking AparcaT\",\"url\":\"https:\\\/\\\/www.parkingaparca.com\\\/gl\\\/\",\"logo\":{\"@type\":\"ImageObject\",\"inLanguage\":\"gl-ES\",\"@id\":\"https:\\\/\\\/www.parkingaparca.com\\\/gl\\\/#\\\/schema\\\/logo\\\/image\\\/\",\"url\":\"https:\\\/\\\/www.parkingaparca.com\\\/wp-content\\\/uploads\\\/2019\\\/11\\\/logo_aparcaT.png\",\"contentUrl\":\"https:\\\/\\\/www.parkingaparca.com\\\/wp-content\\\/uploads\\\/2019\\\/11\\\/logo_aparcaT.png\",\"width\":800,\"height\":265,\"caption\":\"Parking AparcaT\"},\"image\":{\"@id\":\"https:\\\/\\\/www.parkingaparca.com\\\/gl\\\/#\\\/schema\\\/logo\\\/image\\\/\"},\"sameAs\":[\"https:\\\/\\\/www.facebook.com\\\/parkingaparca\\\/\",\"https:\\\/\\\/www.instagram.com\\\/parkingaparcat\\\/\"]}]}<\/script>\n<!-- \/ Yoast SEO plugin. -->","yoast_head_json":{"title":"Tarxeta multiparking | Parking aparcaT | A Coru\u00f1a e Vigo","description":"Compra en li\u00f1a a t\u00faa tarxeta multiparking. Elixe onde recollela e aparca en calquera dos nosos aparcadoiros de Coru\u00f1a, Betanzos e Vigo.","robots":{"index":"index","follow":"follow","max-snippet":"max-snippet:-1","max-image-preview":"max-image-preview:large","max-video-preview":"max-video-preview:-1"},"canonical":"https:\/\/www.parkingaparca.com\/gl\/producto\/tarxeta-multiparking\/","og_locale":"gl_ES","og_type":"article","og_title":"Tarxeta multiparking | Parking aparcaT | A Coru\u00f1a e Vigo","og_description":"Compra en li\u00f1a a t\u00faa tarxeta multiparking. Elixe onde recollela e aparca en calquera dos nosos aparcadoiros de Coru\u00f1a, Betanzos e Vigo.","og_url":"https:\/\/www.parkingaparca.com\/gl\/producto\/tarxeta-multiparking\/","og_site_name":"Parking aparcaT","article_publisher":"https:\/\/www.facebook.com\/parkingaparca\/","og_image":[{"width":1000,"height":1000,"url":"https:\/\/www.parkingaparca.com\/wp-content\/uploads\/2021\/08\/aparcaT-tarjeta-multiparking-60.png","type":"image\/png"}],"twitter_card":"summary_large_image","schema":{"@context":"https:\/\/schema.org","@graph":[{"@type":"WebPage","@id":"https:\/\/www.parkingaparca.com\/gl\/producto\/tarxeta-multiparking\/","url":"https:\/\/www.parkingaparca.com\/gl\/producto\/tarxeta-multiparking\/","name":"Tarxeta multiparking | Parking aparcaT | A Coru\u00f1a e Vigo","isPartOf":{"@id":"https:\/\/www.parkingaparca.com\/gl\/#website"},"primaryImageOfPage":{"@id":"https:\/\/www.parkingaparca.com\/gl\/producto\/tarxeta-multiparking\/#primaryimage"},"image":{"@id":"https:\/\/www.parkingaparca.com\/gl\/producto\/tarxeta-multiparking\/#primaryimage"},"thumbnailUrl":"https:\/\/www.parkingaparca.com\/wp-content\/uploads\/2021\/08\/aparcaT-tarjeta-multiparking-60.png","datePublished":"2021-08-03T12:46:01+00:00","description":"Compra en li\u00f1a a t\u00faa tarxeta multiparking. Elixe onde recollela e aparca en calquera dos nosos aparcadoiros de Coru\u00f1a, Betanzos e Vigo.","breadcrumb":{"@id":"https:\/\/www.parkingaparca.com\/gl\/producto\/tarxeta-multiparking\/#breadcrumb"},"inLanguage":"gl-ES","potentialAction":[{"@type":"ReadAction","target":["https:\/\/www.parkingaparca.com\/gl\/producto\/tarxeta-multiparking\/"]}]},{"@type":"ImageObject","inLanguage":"gl-ES","@id":"https:\/\/www.parkingaparca.com\/gl\/producto\/tarxeta-multiparking\/#primaryimage","url":"https:\/\/www.parkingaparca.com\/wp-content\/uploads\/2021\/08\/aparcaT-tarjeta-multiparking-60.png","contentUrl":"https:\/\/www.parkingaparca.com\/wp-content\/uploads\/2021\/08\/aparcaT-tarjeta-multiparking-60.png","width":1000,"height":1000,"caption":"aparcaT tarxeta multiparking"},{"@type":"BreadcrumbList","@id":"https:\/\/www.parkingaparca.com\/gl\/producto\/tarxeta-multiparking\/#breadcrumb","itemListElement":[{"@type":"ListItem","position":1,"name":"Portada","item":"https:\/\/www.parkingaparca.com\/gl\/"},{"@type":"ListItem","position":2,"name":"Tendas","item":"https:\/\/www.parkingaparca.com\/gl\/tienda\/"},{"@type":"ListItem","position":3,"name":"Tarxeta multiparking"}]},{"@type":"WebSite","@id":"https:\/\/www.parkingaparca.com\/gl\/#website","url":"https:\/\/www.parkingaparca.com\/gl\/","name":"Parking aparcaT","description":"Tu aparcamiento en el centro de A Coru\u00f1a, Betanzos y Vigo.","publisher":{"@id":"https:\/\/www.parkingaparca.com\/gl\/#organization"},"potentialAction":[{"@type":"SearchAction","target":{"@type":"EntryPoint","urlTemplate":"https:\/\/www.parkingaparca.com\/gl\/?s={search_term_string}"},"query-input":{"@type":"PropertyValueSpecification","valueRequired":true,"valueName":"search_term_string"}}],"inLanguage":"gl-ES"},{"@type":"Organization","@id":"https:\/\/www.parkingaparca.com\/gl\/#organization","name":"Parking AparcaT","url":"https:\/\/www.parkingaparca.com\/gl\/","logo":{"@type":"ImageObject","inLanguage":"gl-ES","@id":"https:\/\/www.parkingaparca.com\/gl\/#\/schema\/logo\/image\/","url":"https:\/\/www.parkingaparca.com\/wp-content\/uploads\/2019\/11\/logo_aparcaT.png","contentUrl":"https:\/\/www.parkingaparca.com\/wp-content\/uploads\/2019\/11\/logo_aparcaT.png","width":800,"height":265,"caption":"Parking AparcaT"},"image":{"@id":"https:\/\/www.parkingaparca.com\/gl\/#\/schema\/logo\/image\/"},"sameAs":["https:\/\/www.facebook.com\/parkingaparca\/","https:\/\/www.instagram.com\/parkingaparcat\/"]}]}},"_links":{"self":[{"href":"https:\/\/www.parkingaparca.com\/gl\/wp-json\/wp\/v2\/product\/3062","targetHints":{"allow":["GET"]}}],"collection":[{"href":"https:\/\/www.parkingaparca.com\/gl\/wp-json\/wp\/v2\/product"}],"about":[{"href":"https:\/\/www.parkingaparca.com\/gl\/wp-json\/wp\/v2\/types\/product"}],"replies":[{"embeddable":true,"href":"https:\/\/www.parkingaparca.com\/gl\/wp-json\/wp\/v2\/comments?post=3062"}],"wp:featuredmedia":[{"embeddable":true,"href":"https:\/\/www.parkingaparca.com\/gl\/wp-json\/wp\/v2\/media\/2968"}],"wp:attachment":[{"href":"https:\/\/www.parkingaparca.com\/gl\/wp-json\/wp\/v2\/media?parent=3062"}],"wp:term":[{"taxonomy":"product_brand","embeddable":true,"href":"https:\/\/www.parkingaparca.com\/gl\/wp-json\/wp\/v2\/product_brand?post=3062"},{"taxonomy":"product_cat","embeddable":true,"href":"https:\/\/www.parkingaparca.com\/gl\/wp-json\/wp\/v2\/product_cat?post=3062"},{"taxonomy":"product_tag","embeddable":true,"href":"https:\/\/www.parkingaparca.com\/gl\/wp-json\/wp\/v2\/product_tag?post=3062"}],"curies":[{"name":"wp","href":"https:\/\/api.w.org\/{rel}","templated":true}]}}