{"id":4247,"date":"2024-10-10T13:00:25","date_gmt":"2024-10-10T11:00:25","guid":{"rendered":"https:\/\/www.parkingaparca.com\/?page_id=4247"},"modified":"2024-10-10T13:03:08","modified_gmt":"2024-10-10T11:03:08","slug":"politica-de-privacidade-4","status":"publish","type":"page","link":"https:\/\/www.parkingaparca.com\/gl\/politica-de-privacidade-4\/","title":{"rendered":"Pol\u00edtica de privacidade"},"content":{"rendered":"\t\t<div data-elementor-type=\"wp-page\" data-elementor-id=\"4247\" class=\"elementor elementor-4247 elementor-4246\" data-elementor-post-type=\"page\">\n\t\t\t\t\t\t<section class=\"elementor-section elementor-top-section elementor-element elementor-element-4090703 elementor-section-stretched elementor-section-height-min-height elementor-section-boxed elementor-section-height-default elementor-section-items-middle\" data-id=\"4090703\" data-element_type=\"section\" data-e-type=\"section\" data-settings=\"{&quot;stretch_section&quot;:&quot;section-stretched&quot;,&quot;background_background&quot;:&quot;classic&quot;}\">\n\t\t\t\t\t\t<div class=\"elementor-container elementor-column-gap-default\">\n\t\t\t\t\t<div class=\"elementor-column elementor-col-100 elementor-top-column elementor-element elementor-element-7f2382c\" data-id=\"7f2382c\" data-element_type=\"column\" data-e-type=\"column\">\n\t\t\t<div class=\"elementor-widget-wrap elementor-element-populated\">\n\t\t\t\t\t\t\t<\/div>\n\t\t<\/div>\n\t\t\t\t\t<\/div>\n\t\t<\/section>\n\t\t\t\t<section class=\"elementor-section elementor-top-section elementor-element elementor-element-4805ed64 elementor-section-boxed elementor-section-height-default elementor-section-height-default\" data-id=\"4805ed64\" data-element_type=\"section\" data-e-type=\"section\">\n\t\t\t\t\t\t<div class=\"elementor-container elementor-column-gap-default\">\n\t\t\t\t\t<div class=\"elementor-column elementor-col-100 elementor-top-column elementor-element elementor-element-58614eac\" data-id=\"58614eac\" data-element_type=\"column\" data-e-type=\"column\">\n\t\t\t<div class=\"elementor-widget-wrap elementor-element-populated\">\n\t\t\t\t\t\t<div class=\"elementor-element elementor-element-1bd59e34 elementor-widget elementor-widget-text-editor\" data-id=\"1bd59e34\" data-element_type=\"widget\" data-e-type=\"widget\" data-widget_type=\"text-editor.default\">\n\t\t\t\t<div class=\"elementor-widget-container\">\n\t\t\t\t\t\t\t\t\t<p><\/p>\n<h2><strong>Pol\u00edtica de privacidade e protecci\u00f3n de datos.<\/strong><\/h2>\n<p><\/p>\n<p>Conforme \u00e1 lexislaci\u00f3n vixente en materia de protecci\u00f3n de datos, a sociedade APAGA S.A. , como responsable do tratamento dos seus datos persoais, ser\u00e1 a responsable da recollida, tratamento e posterior utilizaci\u00f3n dos datos de car\u00e1cter persoal que foron proporcionados a trav\u00e9s do Portal Web, inform\u00e1ndolle do seguinte:<\/p>\n<p><\/p>\n<ol>\n<li>Responsable de Tratamento. Os datos persoais ser\u00e1n tratados baixo a responsabilidade da sociedade mercantil APAGA S.A. , con CIF A80666282 e domicilio social en en Glorieta de Am\u00e9rica n\u00ba 3, 15004, A Coru\u00f1a (en diante \u2018COMAR\u2019) sociedade pertencente ao grupo de empresas COMAR.<\/li>\n<li>Delegado de Protecci\u00f3n de Datos. O Delegado de Protecci\u00f3n de Datos \u00e9 o encargado de protexer o dereito fundamental \u00e1 privacidade e a protecci\u00f3n de datos persoais no grupo COMAR e enc\u00e1rgase do seu cumprimento. Os datos de contacto do Delegado de Protecci\u00f3n de Datos do grupo COMAR son os seguintes:<\/li>\n<\/ol>\n<p><\/p>\n<ul>\n<li>e-mail: <a href=\"mailto:sj.cen@grupocomar.com\">sj.cen@grupocomar.com<\/a>, e<\/li>\n<li>Avd. Enrique Salgado Torres, n\u00ba 11 (nave Comar).<\/li>\n<\/ul>\n<p><\/p>\n<p style=\"padding-left: 40px;\">3. Finalidade do tratamento dos datos. Os datos persoais facilitados ser\u00e1n tratados para a seguinte finalidade: Recibir noticias e comunicaci\u00f3ns publicitarias sobre produtos e servizos propios do sector e do sector de hostaler\u00eda das empresas pertencentes ao Grupo.<\/p>\n<p><\/p>\n<p><\/p>\n<p><\/p>\n<p><\/p>\n<p style=\"padding-left: 40px;\">4. Lexitimaci\u00f3n para o tratamento dos datos.<\/p>\n<p><\/p>\n<p>A base legal para o tratamento dos teus datos \u00e9 a execuci\u00f3n da prestaci\u00f3n dun servizo que consiste en garantirche unha correcta xesti\u00f3n das t\u00faas consultas e solicitudes.<\/p>\n<p><\/p>\n<p>Mentres que a base legal para o tratamento dos teus datos respecto ao formulario de rexistro bas\u00e9ase no consentimento que che solicitamos.<\/p>\n<p><\/p>\n<p style=\"padding-left: 40px;\">5. Per\u00edodo de conservaci\u00f3n dos datos. Os teus datos ser\u00e1n conservados mentres dure a nosa relaci\u00f3n comercial, ou solicites a s\u00faa supresi\u00f3n, as\u00ed como o tempo necesario para cumprir coas correspondentes obrigaci\u00f3ns legais.<\/p>\n<p style=\"padding-left: 40px;\">6. Dereitos do interesado. De acordo con as leis e regulaci\u00f3ns de protecci\u00f3n de datos aplicables, en calquera momento pode exercer os seus dereitos para solicitar acceso, rectificaci\u00f3n ou supresi\u00f3n, ou limitaci\u00f3n do seu tratamento, ou a opo\u00f1erse ao tratamento, as\u00ed como o dereito \u00e1 portabilidad de datos. Tam\u00e9n pode opo\u00f1erse ao uso dos datos utilizados para a creaci\u00f3n dun perfil de cliente; neste caso, xa non se beneficiar\u00e1 con ofertas ou servizos personalizados.<\/p>\n<p><\/p>\n<p>Os dereitos do interesado p\u00f3dense exercer mediante as seguintes v\u00edas:<\/p>\n<p><\/p>\n<ul>\n<li>Accedendo \u00e1 P\u00e1xina web do Grupo Comar <a href=\"http:\/\/www.grupocomar.com\" target=\"_blank\" rel=\"noopener\">www.grupocomar.com<\/a>, mediante o formulario en li\u00f1a \u201cInstruci\u00f3ns para o Exercicio de Dereitos do Interesado\u201d.<\/li>\n<li>Descargando o documento \u201cInstruci\u00f3ns para o Exercicio de Dereitos do Interesado\u201d e enviando a solicitude \u00e1 caixa de correos de correo sj.cen@grupocomar.com<\/li>\n<li>Enviando unha carta por correo postal a COMAR, Avenida Enrique Salgado 11, 15008 A Coru\u00f1a.<\/li>\n<\/ul>\n<p><\/p>\n<p>* Poder\u00eda solicitarse unha copia do teu DNI ou outro documento que acredite a s\u00faa identidade cando solicite exercer os seus dereitos.<\/p>\n<p><\/p>\n<p>Adicionalmente pode dirixirse \u00e1 Axencia Espa\u00f1ola de Protecci\u00f3n de Datos, R\u00faa Jorge Juan, 6, 28001 Madrid, en relaci\u00f3n a calquera cuesti\u00f3n relacionada co tratamento dos seus datos por parte de COMAR.<\/p>\n<p><\/p>\n<p style=\"padding-left: 40px;\">7. Comunicaci\u00f3n de datos a terceiros. Os datos persoais ser\u00e1n procesados por COMAR. Non ser\u00e1n transferidos ou accesibles por ning\u00fan terceiro \u00e1 parte de (i) posibles subcontratistas de COMAR (operador de telecomunicaci\u00f3ns, provedores de servizos de aloxamento e mantemento de sistemas de informaci\u00f3n, provedores de servizos de xesti\u00f3n de pagos e fraude etc.)\/ etc.), por raz\u00f3ns puramente t\u00e9cnicas e lox\u00edsticas, e (ii) en caso dunha reorganizaci\u00f3n do grupo COMAR, inclu\u00edndo a transferencia total ou parcial de activos, fusi\u00f3n, adquisici\u00f3n, fusi\u00f3n e, en xeral, calquera operaci\u00f3n de reorganizaci\u00f3n.<\/p>\n<p><\/p>\n<p>Os seus datos poden ser compartidos con outras compa\u00f1\u00edas do grupo COMAR para fins de xesti\u00f3n e optimizaci\u00f3n da relaci\u00f3n co cliente, e suxeito ao seu consentimento, para enviarlle informaci\u00f3n sobre produtos e servizos de empresas do grupo.<\/p>\n<p><\/p>\n<p>Finalmente, COMAR pode divulgar os seus datos a terceiros se dita divulgaci\u00f3n \u00e9 requirida pola lei, por unha disposici\u00f3n regulamentaria ou por un fallo xudicial, ou se esta divulgaci\u00f3n \u00e9 necesaria para garantir a protecci\u00f3n e defensa dos seus dereitos.<\/p>\n<p><\/p>\n<p style=\"padding-left: 40px;\">8. Responsabilidades.<\/p>\n<p><\/p>\n<p>-O acceso e a utilizaci\u00f3n da p\u00e1xina www.parkingaparca.com realizaranse baixo a \u00fanica e exclusiva responsabilidade do usuario.<\/p>\n<p><\/p>\n<p>-Grupo Comar non se responsabiliza da exactitude, veracidade e vixencia das informaci\u00f3ns que non sexan de elaboraci\u00f3n propia e cuxos contidos pertenzan a fontes de informaci\u00f3n de terceiros alleos a ela. Respecto diso, Grupo Comar s\u00f3 responder\u00e1 dos servizos propios e contidos directamente orixinados por ela.<\/p>\n<p><\/p>\n<p>-Grupo Comar non garante nin se responsabiliza dos danos e prexu\u00edzos de toda natureza que se deban \u00e1s seguintes circunstancias:<\/p>\n<p><\/p>\n<p>-A falta de continuidade do funcionamento de www.parkingaparca.com, as\u00ed como o funcionamento incorrecto das p\u00e1xinas web.<\/p>\n<p><\/p>\n<p>-A falta de utilidade, adecuaci\u00f3n ou validez dos servizos e contidos que se ofrecen en www.parkingaparca.com, respecto a os resultados e expectativas do usuario.<\/p>\n<p><\/p>\n<p>-A existencia de virus ou programas no computador do usuario ou pola presenza de virus nos servizos prestados por terceiros a trav\u00e9s de www.parkingaparca.com<\/p>\n<p><\/p>\n<p>-O co\u00f1ecemento que poidan ter terceiros non autorizados da clase, condici\u00f3ns, caracter\u00edsticas e circunstancias de acceso e uso que os usuarios fan do sitio web e das informaci\u00f3ns e servizos.<\/p>\n<p><\/p>\n<p>-Baixo ningunha circunstancia, inclu\u00edda a neglixencia, da perda de negocio, perda de uso, perda de beneficios, perda de datos, por danos indirectos, secundarios, especiais ou consecuentes que resulten do acceso ou do uso dos servizos do sitio web, ou que doutra forma at\u00f3pense dentro do \u00e1mbito.<\/p>\n<p><\/p>\t\t\t\t\t\t\t\t<\/div>\n\t\t\t\t<\/div>\n\t\t\t\t\t<\/div>\n\t\t<\/div>\n\t\t\t\t\t<\/div>\n\t\t<\/section>\n\t\t\t\t<\/div>\n\t\t","protected":false},"excerpt":{"rendered":"<p>Pol\u00edtica de privacidade e protecci\u00f3n de datos. Conforme \u00e1 lexislaci\u00f3n vixente en materia de protecci\u00f3n de datos, a sociedade APAGA S.A. , como responsable do tratamento dos seus datos persoais, ser\u00e1 a responsable da recollida, tratamento e posterior utilizaci\u00f3n dos datos de car\u00e1cter persoal que foron proporcionados a trav\u00e9s do Portal Web, inform\u00e1ndolle do seguinte: &#8230; <a title=\"Pol\u00edtica de privacidade\" class=\"read-more\" href=\"https:\/\/www.parkingaparca.com\/gl\/politica-de-privacidade-4\/\" aria-label=\"Le m\u00e1is sobre Pol\u00edtica de privacidade\">Ler m\u00e1is<\/a><\/p>\n","protected":false},"author":9,"featured_media":0,"parent":0,"menu_order":0,"comment_status":"closed","ping_status":"closed","template":"","meta":{"footnotes":""},"class_list":["post-4247","page","type-page","status-publish"],"yoast_head":"<!-- This site is optimized with the Yoast SEO plugin v27.5 - https:\/\/yoast.com\/product\/yoast-seo-wordpress\/ -->\n<title>Pol\u00edtica de privacidade | Parking aparcaT<\/title>\n<meta name=\"robots\" content=\"index, follow, max-snippet:-1, max-image-preview:large, max-video-preview:-1\" \/>\n<link rel=\"canonical\" href=\"https:\/\/www.parkingaparca.com\/gl\/politica-de-privacidade-4\/\" \/>\n<meta property=\"og:locale\" content=\"gl_ES\" \/>\n<meta property=\"og:type\" content=\"article\" \/>\n<meta property=\"og:title\" content=\"Pol\u00edtica de privacidade | Parking aparcaT\" \/>\n<meta property=\"og:description\" content=\"Pol\u00edtica de privacidade e protecci\u00f3n de datos. Conforme \u00e1 lexislaci\u00f3n vixente en materia de protecci\u00f3n de datos, a sociedade APAGA S.A. , como responsable do tratamento dos seus datos persoais, ser\u00e1 a responsable da recollida, tratamento e posterior utilizaci\u00f3n dos datos de car\u00e1cter persoal que foron proporcionados a trav\u00e9s do Portal Web, inform\u00e1ndolle do seguinte: ... Ler m\u00e1is\" \/>\n<meta property=\"og:url\" content=\"https:\/\/www.parkingaparca.com\/gl\/politica-de-privacidade-4\/\" \/>\n<meta property=\"og:site_name\" content=\"Parking aparcaT\" \/>\n<meta property=\"article:publisher\" content=\"https:\/\/www.facebook.com\/parkingaparca\/\" \/>\n<meta property=\"article:modified_time\" content=\"2024-10-10T11:03:08+00:00\" \/>\n<meta property=\"og:image\" content=\"https:\/\/www.parkingaparca.com\/wp-content\/uploads\/2020\/05\/Aparcat-seguridad-y-confianza-web.jpg\" \/>\n\t<meta property=\"og:image:width\" content=\"1200\" \/>\n\t<meta property=\"og:image:height\" content=\"800\" \/>\n\t<meta property=\"og:image:type\" content=\"image\/jpeg\" \/>\n<meta name=\"twitter:card\" content=\"summary_large_image\" \/>\n<meta name=\"twitter:label1\" content=\"Tempo de lectura\" \/>\n\t<meta name=\"twitter:data1\" content=\"5 minutos\" \/>\n<script type=\"application\/ld+json\" class=\"yoast-schema-graph\">{\"@context\":\"https:\\\/\\\/schema.org\",\"@graph\":[{\"@type\":\"WebPage\",\"@id\":\"https:\\\/\\\/www.parkingaparca.com\\\/gl\\\/politica-de-privacidade-4\\\/\",\"url\":\"https:\\\/\\\/www.parkingaparca.com\\\/gl\\\/politica-de-privacidade-4\\\/\",\"name\":\"Pol\u00edtica de privacidade | Parking aparcaT\",\"isPartOf\":{\"@id\":\"https:\\\/\\\/www.parkingaparca.com\\\/gl\\\/#website\"},\"datePublished\":\"2024-10-10T11:00:25+00:00\",\"dateModified\":\"2024-10-10T11:03:08+00:00\",\"breadcrumb\":{\"@id\":\"https:\\\/\\\/www.parkingaparca.com\\\/gl\\\/politica-de-privacidade-4\\\/#breadcrumb\"},\"inLanguage\":\"gl-ES\",\"potentialAction\":[{\"@type\":\"ReadAction\",\"target\":[\"https:\\\/\\\/www.parkingaparca.com\\\/gl\\\/politica-de-privacidade-4\\\/\"]}]},{\"@type\":\"BreadcrumbList\",\"@id\":\"https:\\\/\\\/www.parkingaparca.com\\\/gl\\\/politica-de-privacidade-4\\\/#breadcrumb\",\"itemListElement\":[{\"@type\":\"ListItem\",\"position\":1,\"name\":\"Portada\",\"item\":\"https:\\\/\\\/www.parkingaparca.com\\\/gl\\\/\"},{\"@type\":\"ListItem\",\"position\":2,\"name\":\"Pol\u00edtica de privacidade\"}]},{\"@type\":\"WebSite\",\"@id\":\"https:\\\/\\\/www.parkingaparca.com\\\/gl\\\/#website\",\"url\":\"https:\\\/\\\/www.parkingaparca.com\\\/gl\\\/\",\"name\":\"Parking aparcaT\",\"description\":\"Tu aparcamiento en el centro de A Coru\u00f1a, Betanzos y Vigo.\",\"publisher\":{\"@id\":\"https:\\\/\\\/www.parkingaparca.com\\\/gl\\\/#organization\"},\"potentialAction\":[{\"@type\":\"SearchAction\",\"target\":{\"@type\":\"EntryPoint\",\"urlTemplate\":\"https:\\\/\\\/www.parkingaparca.com\\\/gl\\\/?s={search_term_string}\"},\"query-input\":{\"@type\":\"PropertyValueSpecification\",\"valueRequired\":true,\"valueName\":\"search_term_string\"}}],\"inLanguage\":\"gl-ES\"},{\"@type\":\"Organization\",\"@id\":\"https:\\\/\\\/www.parkingaparca.com\\\/gl\\\/#organization\",\"name\":\"Parking AparcaT\",\"url\":\"https:\\\/\\\/www.parkingaparca.com\\\/gl\\\/\",\"logo\":{\"@type\":\"ImageObject\",\"inLanguage\":\"gl-ES\",\"@id\":\"https:\\\/\\\/www.parkingaparca.com\\\/gl\\\/#\\\/schema\\\/logo\\\/image\\\/\",\"url\":\"https:\\\/\\\/www.parkingaparca.com\\\/wp-content\\\/uploads\\\/2019\\\/11\\\/logo_aparcaT.png\",\"contentUrl\":\"https:\\\/\\\/www.parkingaparca.com\\\/wp-content\\\/uploads\\\/2019\\\/11\\\/logo_aparcaT.png\",\"width\":800,\"height\":265,\"caption\":\"Parking AparcaT\"},\"image\":{\"@id\":\"https:\\\/\\\/www.parkingaparca.com\\\/gl\\\/#\\\/schema\\\/logo\\\/image\\\/\"},\"sameAs\":[\"https:\\\/\\\/www.facebook.com\\\/parkingaparca\\\/\",\"https:\\\/\\\/www.instagram.com\\\/parkingaparcat\\\/\"]}]}<\/script>\n<!-- \/ Yoast SEO plugin. -->","yoast_head_json":{"title":"Pol\u00edtica de privacidade | Parking aparcaT","robots":{"index":"index","follow":"follow","max-snippet":"max-snippet:-1","max-image-preview":"max-image-preview:large","max-video-preview":"max-video-preview:-1"},"canonical":"https:\/\/www.parkingaparca.com\/gl\/politica-de-privacidade-4\/","og_locale":"gl_ES","og_type":"article","og_title":"Pol\u00edtica de privacidade | Parking aparcaT","og_description":"Pol\u00edtica de privacidade e protecci\u00f3n de datos. Conforme \u00e1 lexislaci\u00f3n vixente en materia de protecci\u00f3n de datos, a sociedade APAGA S.A. , como responsable do tratamento dos seus datos persoais, ser\u00e1 a responsable da recollida, tratamento e posterior utilizaci\u00f3n dos datos de car\u00e1cter persoal que foron proporcionados a trav\u00e9s do Portal Web, inform\u00e1ndolle do seguinte: ... Ler m\u00e1is","og_url":"https:\/\/www.parkingaparca.com\/gl\/politica-de-privacidade-4\/","og_site_name":"Parking aparcaT","article_publisher":"https:\/\/www.facebook.com\/parkingaparca\/","article_modified_time":"2024-10-10T11:03:08+00:00","og_image":[{"width":1200,"height":800,"url":"https:\/\/www.parkingaparca.com\/wp-content\/uploads\/2020\/05\/Aparcat-seguridad-y-confianza-web.jpg","type":"image\/jpeg"}],"twitter_card":"summary_large_image","twitter_misc":{"Tempo de lectura":"5 minutos"},"schema":{"@context":"https:\/\/schema.org","@graph":[{"@type":"WebPage","@id":"https:\/\/www.parkingaparca.com\/gl\/politica-de-privacidade-4\/","url":"https:\/\/www.parkingaparca.com\/gl\/politica-de-privacidade-4\/","name":"Pol\u00edtica de privacidade | Parking aparcaT","isPartOf":{"@id":"https:\/\/www.parkingaparca.com\/gl\/#website"},"datePublished":"2024-10-10T11:00:25+00:00","dateModified":"2024-10-10T11:03:08+00:00","breadcrumb":{"@id":"https:\/\/www.parkingaparca.com\/gl\/politica-de-privacidade-4\/#breadcrumb"},"inLanguage":"gl-ES","potentialAction":[{"@type":"ReadAction","target":["https:\/\/www.parkingaparca.com\/gl\/politica-de-privacidade-4\/"]}]},{"@type":"BreadcrumbList","@id":"https:\/\/www.parkingaparca.com\/gl\/politica-de-privacidade-4\/#breadcrumb","itemListElement":[{"@type":"ListItem","position":1,"name":"Portada","item":"https:\/\/www.parkingaparca.com\/gl\/"},{"@type":"ListItem","position":2,"name":"Pol\u00edtica de privacidade"}]},{"@type":"WebSite","@id":"https:\/\/www.parkingaparca.com\/gl\/#website","url":"https:\/\/www.parkingaparca.com\/gl\/","name":"Parking aparcaT","description":"Tu aparcamiento en el centro de A Coru\u00f1a, Betanzos y Vigo.","publisher":{"@id":"https:\/\/www.parkingaparca.com\/gl\/#organization"},"potentialAction":[{"@type":"SearchAction","target":{"@type":"EntryPoint","urlTemplate":"https:\/\/www.parkingaparca.com\/gl\/?s={search_term_string}"},"query-input":{"@type":"PropertyValueSpecification","valueRequired":true,"valueName":"search_term_string"}}],"inLanguage":"gl-ES"},{"@type":"Organization","@id":"https:\/\/www.parkingaparca.com\/gl\/#organization","name":"Parking AparcaT","url":"https:\/\/www.parkingaparca.com\/gl\/","logo":{"@type":"ImageObject","inLanguage":"gl-ES","@id":"https:\/\/www.parkingaparca.com\/gl\/#\/schema\/logo\/image\/","url":"https:\/\/www.parkingaparca.com\/wp-content\/uploads\/2019\/11\/logo_aparcaT.png","contentUrl":"https:\/\/www.parkingaparca.com\/wp-content\/uploads\/2019\/11\/logo_aparcaT.png","width":800,"height":265,"caption":"Parking AparcaT"},"image":{"@id":"https:\/\/www.parkingaparca.com\/gl\/#\/schema\/logo\/image\/"},"sameAs":["https:\/\/www.facebook.com\/parkingaparca\/","https:\/\/www.instagram.com\/parkingaparcat\/"]}]}},"_links":{"self":[{"href":"https:\/\/www.parkingaparca.com\/gl\/wp-json\/wp\/v2\/pages\/4247","targetHints":{"allow":["GET"]}}],"collection":[{"href":"https:\/\/www.parkingaparca.com\/gl\/wp-json\/wp\/v2\/pages"}],"about":[{"href":"https:\/\/www.parkingaparca.com\/gl\/wp-json\/wp\/v2\/types\/page"}],"author":[{"embeddable":true,"href":"https:\/\/www.parkingaparca.com\/gl\/wp-json\/wp\/v2\/users\/9"}],"replies":[{"embeddable":true,"href":"https:\/\/www.parkingaparca.com\/gl\/wp-json\/wp\/v2\/comments?post=4247"}],"version-history":[{"count":2,"href":"https:\/\/www.parkingaparca.com\/gl\/wp-json\/wp\/v2\/pages\/4247\/revisions"}],"predecessor-version":[{"id":4250,"href":"https:\/\/www.parkingaparca.com\/gl\/wp-json\/wp\/v2\/pages\/4247\/revisions\/4250"}],"wp:attachment":[{"href":"https:\/\/www.parkingaparca.com\/gl\/wp-json\/wp\/v2\/media?parent=4247"}],"curies":[{"name":"wp","href":"https:\/\/api.w.org\/{rel}","templated":true}]}}