{"id":3434,"date":"2023-11-16T17:07:36","date_gmt":"2023-11-16T16:07:36","guid":{"rendered":"https:\/\/www.parkingaparca.com\/?page_id=3434"},"modified":"2023-11-16T17:08:38","modified_gmt":"2023-11-16T16:08:38","slug":"politica-de-cookies-2","status":"publish","type":"page","link":"https:\/\/www.parkingaparca.com\/gl\/politica-de-cookies-2\/","title":{"rendered":"Pol\u00edtica de cookies"},"content":{"rendered":"\t\t<div data-elementor-type=\"wp-page\" data-elementor-id=\"3434\" class=\"elementor elementor-3434 elementor-3433\" data-elementor-post-type=\"page\">\n\t\t\t\t\t\t<section class=\"elementor-section elementor-top-section elementor-element elementor-element-4090703 elementor-section-stretched elementor-section-height-min-height elementor-section-boxed elementor-section-height-default elementor-section-items-middle\" data-id=\"4090703\" data-element_type=\"section\" data-e-type=\"section\" data-settings=\"{&quot;stretch_section&quot;:&quot;section-stretched&quot;,&quot;background_background&quot;:&quot;classic&quot;}\">\n\t\t\t\t\t\t\t<div class=\"elementor-background-overlay\"><\/div>\n\t\t\t\t\t\t\t<div class=\"elementor-container elementor-column-gap-default\">\n\t\t\t\t\t<div class=\"elementor-column elementor-col-100 elementor-top-column elementor-element elementor-element-7f2382c\" data-id=\"7f2382c\" data-element_type=\"column\" data-e-type=\"column\">\n\t\t\t<div class=\"elementor-widget-wrap elementor-element-populated\">\n\t\t\t\t\t\t\t<\/div>\n\t\t<\/div>\n\t\t\t\t\t<\/div>\n\t\t<\/section>\n\t\t\t\t<section class=\"elementor-section elementor-top-section elementor-element elementor-element-4805ed64 elementor-section-boxed elementor-section-height-default elementor-section-height-default\" data-id=\"4805ed64\" data-element_type=\"section\" data-e-type=\"section\">\n\t\t\t\t\t\t<div class=\"elementor-container elementor-column-gap-default\">\n\t\t\t\t\t<div class=\"elementor-column elementor-col-100 elementor-top-column elementor-element elementor-element-58614eac\" data-id=\"58614eac\" data-element_type=\"column\" data-e-type=\"column\">\n\t\t\t<div class=\"elementor-widget-wrap elementor-element-populated\">\n\t\t\t\t\t\t<div class=\"elementor-element elementor-element-1bd59e34 elementor-widget elementor-widget-text-editor\" data-id=\"1bd59e34\" data-element_type=\"widget\" data-e-type=\"widget\" data-widget_type=\"text-editor.default\">\n\t\t\t\t<div class=\"elementor-widget-container\">\n\t\t\t\t\t\t\t\t\t<p><\/p>\n<p>Unha <em>cookie<\/em> \u00e9 un pequeno ficheiro de texto que se almacena no seu navegador cando visita case calquera p\u00e1xina web. A s\u00faa utilidade \u00e9 que a web sexa capaz de lembrar a s\u00faa visita cando volva navegar por esa p\u00e1xina. As <em>cookies<\/em> adoitan almacenar informaci\u00f3n de car\u00e1cter t\u00e9cnico, preferencias persoais, personalizaci\u00f3n de contidos, estat\u00edsticas de uso, ligaz\u00f3ns a redes sociais, acceso a contas de usuario etc. O obxectivo da <em>cookie<\/em> \u00e9 adaptar o contido da web ao seu perfil e necesidades, sen <em>cookies<\/em> os servizos ofrecidos por calquera p\u00e1xina ver\u00edanse minguados notablemente.<\/p>\n<h2>Cookies Utilizadas Neste Sitio web<\/h2>\n<p>Seguindo as directrices da Axencia Espa\u00f1ola de Protecci\u00f3n de Datos procedemos a detallar o uso de <em>cookies<\/em> que fai esta web co fin de informarlle coa m\u00e1xima exactitude posible.<\/p>\n<p>Este sitio web utiliza as seguintes <strong>cookies propias<\/strong>:<\/p>\n<ul>\n<li>Cookies de sesi\u00f3n, para garantir que os usuarios que escriban comentarios no blogue sexan humanos e non aplicaci\u00f3ns automatizadas. Desta forma comb\u00e1tese o <em>spam<\/em>.<\/li>\n<\/ul>\n<p>Este sitio web utiliza as seguintes <strong>cookies de terceiros<\/strong>:<\/p>\n<ul>\n<li>Google Analytics: Almacena <em>cookies<\/em> para poder elaborar estat\u00edsticas sobre o tr\u00e1fico e volume de visitas desta web. Ao utilizar este sitio web est\u00e1 a consentir o tratamento de informaci\u00f3n acerca de vostede por Google. Por tanto, o exercicio de calquera dereito neste sentido deber\u00e1 facelo comunicando directamente con Google.<\/li>\n<li>Redes sociais: Cada rede social utiliza as s\u00faas propias <em>cookies<\/em> para que vostede poida picar en bot\u00f3ns do tipo <em>G\u00fastame<\/em> ou <em>Compartir<\/em>.<\/li>\n<\/ul>\n<h2>Desactivaci\u00f3n Ou Eliminaci\u00f3n De Cookies<\/h2>\n<p>En calquera momento poder\u00e1 exercer o seu dereito de desactivaci\u00f3n ou eliminaci\u00f3n de cookies deste sitio web. Estas acci\u00f3ns real\u00edzanse de forma diferente en funci\u00f3n do navegador que estea a usar. A<a href=\"https:\/\/www.palexco.com\/mas-informacion-sobre-las-cookies\/\">qu\u00ed deix\u00e1moslle unha gu\u00eda r\u00e1pida para os navegadores m\u00e1is populares<\/a>.<\/p>\n<h2>Notas Adicionais<\/h2>\n<ul>\n<li>Nin esta web nin os seus representantes legais fanse responsables nin do contido nin da veracidade das pol\u00edticas de privacidade que poidan ter os terceiros mencionados nesta pol\u00edtica de <em>cookies<\/em>.<\/li>\n<li>A navegadores web son as ferramentas encargadas de almacenar as <em>cookies<\/em> e desde este lugar debe efectuar o seu dereito a eliminaci\u00f3n ou desactivaci\u00f3n das mesmas. Nin esta web nin os seus representantes legais poden garantir a correcta ou incorrecta manipulaci\u00f3n das <em>cookies<\/em> por parte dos mencionados navegadores.<\/li>\n<li>Nalg\u00fans casos \u00e9 necesario instalar <em>cookies<\/em> para que o navegador non esqueza a s\u00faa decisi\u00f3n de non aceptaci\u00f3n das mesmas.<\/li>\n<li>No caso das <em>cookies<\/em> de Google Analytics, esta empresa almacena as <em>cookies<\/em> en servidores situados en Estados Unidos e comprom\u00e9tese a non compartila con terceiros, excepto nos casos nos que sexa necesario para o funcionamento do sistema ou cando a lei obrigue para ese efecto. Segundo Google non garda a s\u00faa direcci\u00f3n IP. Google Inc. \u00e9 unha compa\u00f1\u00eda adherida ao Acordo de Porto Seguro que garante que todos os datos transferidos ser\u00e1n tratados cun nivel de protecci\u00f3n acorde \u00e1 normativa europea. Pode consultar informaci\u00f3n detallada a este respecto <a href=\"http:\/\/safeharbor.export.gov\/companyinfo.aspx?id=16626\">nesta ligaz\u00f3n<\/a>. Se desexa informaci\u00f3n sobre o uso que Google d\u00e1 \u00e1s cookies acheg\u00e1moslle leste <a href=\"https:\/\/developers.google.com\/analytics\/devguides\/collection\/analyticsjs\/cookie-usage?hl=es&amp;csw=1\">outra ligaz\u00f3n<\/a>.<\/li>\n<li>Para calquera d\u00fabida ou consulta acerca desta pol\u00edtica de <em>cookies<\/em> non dubide en comunicarse connosco a trav\u00e9s da secci\u00f3n de contacto.<\/li>\n<\/ul>\n<p><\/p>\t\t\t\t\t\t\t\t<\/div>\n\t\t\t\t<\/div>\n\t\t\t\t\t<\/div>\n\t\t<\/div>\n\t\t\t\t\t<\/div>\n\t\t<\/section>\n\t\t\t\t<\/div>\n\t\t","protected":false},"excerpt":{"rendered":"<p>Unha cookie \u00e9 un pequeno ficheiro de texto que se almacena no seu navegador cando visita case calquera p\u00e1xina web. A s\u00faa utilidade \u00e9 que a web sexa capaz de lembrar a s\u00faa visita cando volva navegar por esa p\u00e1xina. As cookies adoitan almacenar informaci\u00f3n de car\u00e1cter t\u00e9cnico, preferencias persoais, personalizaci\u00f3n de contidos, estat\u00edsticas de &#8230; <a title=\"Pol\u00edtica de cookies\" class=\"read-more\" href=\"https:\/\/www.parkingaparca.com\/gl\/politica-de-cookies-2\/\" aria-label=\"Le m\u00e1is sobre Pol\u00edtica de cookies\">Ler m\u00e1is<\/a><\/p>\n","protected":false},"author":1,"featured_media":0,"parent":0,"menu_order":0,"comment_status":"closed","ping_status":"open","template":"","meta":{"footnotes":""},"class_list":["post-3434","page","type-page","status-publish"],"yoast_head":"<!-- This site is optimized with the Yoast SEO plugin v27.4 - https:\/\/yoast.com\/product\/yoast-seo-wordpress\/ -->\n<title>Pol\u00edtica de cookies | Parking aparcaT<\/title>\n<meta name=\"robots\" content=\"index, follow, max-snippet:-1, max-image-preview:large, max-video-preview:-1\" \/>\n<link rel=\"canonical\" href=\"https:\/\/www.parkingaparca.com\/gl\/politica-de-cookies-2\/\" \/>\n<meta property=\"og:locale\" content=\"gl_ES\" \/>\n<meta property=\"og:type\" content=\"article\" \/>\n<meta property=\"og:title\" content=\"Pol\u00edtica de cookies | Parking aparcaT\" \/>\n<meta property=\"og:description\" content=\"Unha cookie \u00e9 un pequeno ficheiro de texto que se almacena no seu navegador cando visita case calquera p\u00e1xina web. A s\u00faa utilidade \u00e9 que a web sexa capaz de lembrar a s\u00faa visita cando volva navegar por esa p\u00e1xina. As cookies adoitan almacenar informaci\u00f3n de car\u00e1cter t\u00e9cnico, preferencias persoais, personalizaci\u00f3n de contidos, estat\u00edsticas de ... Ler m\u00e1is\" \/>\n<meta property=\"og:url\" content=\"https:\/\/www.parkingaparca.com\/gl\/politica-de-cookies-2\/\" \/>\n<meta property=\"og:site_name\" content=\"Parking aparcaT\" \/>\n<meta property=\"article:publisher\" content=\"https:\/\/www.facebook.com\/parkingaparca\/\" \/>\n<meta property=\"article:modified_time\" content=\"2023-11-16T16:08:38+00:00\" \/>\n<meta property=\"og:image\" content=\"https:\/\/www.parkingaparca.com\/wp-content\/uploads\/2020\/05\/Aparcat-seguridad-y-confianza-web.jpg\" \/>\n\t<meta property=\"og:image:width\" content=\"1200\" \/>\n\t<meta property=\"og:image:height\" content=\"800\" \/>\n\t<meta property=\"og:image:type\" content=\"image\/jpeg\" \/>\n<meta name=\"twitter:card\" content=\"summary_large_image\" \/>\n<meta name=\"twitter:label1\" content=\"Tempo de lectura\" \/>\n\t<meta name=\"twitter:data1\" content=\"3 minutos\" \/>\n<script type=\"application\/ld+json\" class=\"yoast-schema-graph\">{\"@context\":\"https:\\\/\\\/schema.org\",\"@graph\":[{\"@type\":\"WebPage\",\"@id\":\"https:\\\/\\\/www.parkingaparca.com\\\/gl\\\/politica-de-cookies-2\\\/\",\"url\":\"https:\\\/\\\/www.parkingaparca.com\\\/gl\\\/politica-de-cookies-2\\\/\",\"name\":\"Pol\u00edtica de cookies | Parking aparcaT\",\"isPartOf\":{\"@id\":\"https:\\\/\\\/www.parkingaparca.com\\\/gl\\\/#website\"},\"datePublished\":\"2023-11-16T16:07:36+00:00\",\"dateModified\":\"2023-11-16T16:08:38+00:00\",\"breadcrumb\":{\"@id\":\"https:\\\/\\\/www.parkingaparca.com\\\/gl\\\/politica-de-cookies-2\\\/#breadcrumb\"},\"inLanguage\":\"gl-ES\",\"potentialAction\":[{\"@type\":\"ReadAction\",\"target\":[\"https:\\\/\\\/www.parkingaparca.com\\\/gl\\\/politica-de-cookies-2\\\/\"]}]},{\"@type\":\"BreadcrumbList\",\"@id\":\"https:\\\/\\\/www.parkingaparca.com\\\/gl\\\/politica-de-cookies-2\\\/#breadcrumb\",\"itemListElement\":[{\"@type\":\"ListItem\",\"position\":1,\"name\":\"Portada\",\"item\":\"https:\\\/\\\/www.parkingaparca.com\\\/gl\\\/\"},{\"@type\":\"ListItem\",\"position\":2,\"name\":\"Pol\u00edtica de cookies\"}]},{\"@type\":\"WebSite\",\"@id\":\"https:\\\/\\\/www.parkingaparca.com\\\/gl\\\/#website\",\"url\":\"https:\\\/\\\/www.parkingaparca.com\\\/gl\\\/\",\"name\":\"Parking aparcaT\",\"description\":\"Tu aparcamiento en el centro de A Coru\u00f1a, Betanzos y Vigo.\",\"publisher\":{\"@id\":\"https:\\\/\\\/www.parkingaparca.com\\\/gl\\\/#organization\"},\"potentialAction\":[{\"@type\":\"SearchAction\",\"target\":{\"@type\":\"EntryPoint\",\"urlTemplate\":\"https:\\\/\\\/www.parkingaparca.com\\\/gl\\\/?s={search_term_string}\"},\"query-input\":{\"@type\":\"PropertyValueSpecification\",\"valueRequired\":true,\"valueName\":\"search_term_string\"}}],\"inLanguage\":\"gl-ES\"},{\"@type\":\"Organization\",\"@id\":\"https:\\\/\\\/www.parkingaparca.com\\\/gl\\\/#organization\",\"name\":\"Parking AparcaT\",\"url\":\"https:\\\/\\\/www.parkingaparca.com\\\/gl\\\/\",\"logo\":{\"@type\":\"ImageObject\",\"inLanguage\":\"gl-ES\",\"@id\":\"https:\\\/\\\/www.parkingaparca.com\\\/gl\\\/#\\\/schema\\\/logo\\\/image\\\/\",\"url\":\"https:\\\/\\\/www.parkingaparca.com\\\/wp-content\\\/uploads\\\/2019\\\/11\\\/logo_aparcaT.png\",\"contentUrl\":\"https:\\\/\\\/www.parkingaparca.com\\\/wp-content\\\/uploads\\\/2019\\\/11\\\/logo_aparcaT.png\",\"width\":800,\"height\":265,\"caption\":\"Parking AparcaT\"},\"image\":{\"@id\":\"https:\\\/\\\/www.parkingaparca.com\\\/gl\\\/#\\\/schema\\\/logo\\\/image\\\/\"},\"sameAs\":[\"https:\\\/\\\/www.facebook.com\\\/parkingaparca\\\/\",\"https:\\\/\\\/www.instagram.com\\\/parkingaparcat\\\/\"]}]}<\/script>\n<!-- \/ Yoast SEO plugin. -->","yoast_head_json":{"title":"Pol\u00edtica de cookies | Parking aparcaT","robots":{"index":"index","follow":"follow","max-snippet":"max-snippet:-1","max-image-preview":"max-image-preview:large","max-video-preview":"max-video-preview:-1"},"canonical":"https:\/\/www.parkingaparca.com\/gl\/politica-de-cookies-2\/","og_locale":"gl_ES","og_type":"article","og_title":"Pol\u00edtica de cookies | Parking aparcaT","og_description":"Unha cookie \u00e9 un pequeno ficheiro de texto que se almacena no seu navegador cando visita case calquera p\u00e1xina web. A s\u00faa utilidade \u00e9 que a web sexa capaz de lembrar a s\u00faa visita cando volva navegar por esa p\u00e1xina. As cookies adoitan almacenar informaci\u00f3n de car\u00e1cter t\u00e9cnico, preferencias persoais, personalizaci\u00f3n de contidos, estat\u00edsticas de ... Ler m\u00e1is","og_url":"https:\/\/www.parkingaparca.com\/gl\/politica-de-cookies-2\/","og_site_name":"Parking aparcaT","article_publisher":"https:\/\/www.facebook.com\/parkingaparca\/","article_modified_time":"2023-11-16T16:08:38+00:00","og_image":[{"width":1200,"height":800,"url":"https:\/\/www.parkingaparca.com\/wp-content\/uploads\/2020\/05\/Aparcat-seguridad-y-confianza-web.jpg","type":"image\/jpeg"}],"twitter_card":"summary_large_image","twitter_misc":{"Tempo de lectura":"3 minutos"},"schema":{"@context":"https:\/\/schema.org","@graph":[{"@type":"WebPage","@id":"https:\/\/www.parkingaparca.com\/gl\/politica-de-cookies-2\/","url":"https:\/\/www.parkingaparca.com\/gl\/politica-de-cookies-2\/","name":"Pol\u00edtica de cookies | Parking aparcaT","isPartOf":{"@id":"https:\/\/www.parkingaparca.com\/gl\/#website"},"datePublished":"2023-11-16T16:07:36+00:00","dateModified":"2023-11-16T16:08:38+00:00","breadcrumb":{"@id":"https:\/\/www.parkingaparca.com\/gl\/politica-de-cookies-2\/#breadcrumb"},"inLanguage":"gl-ES","potentialAction":[{"@type":"ReadAction","target":["https:\/\/www.parkingaparca.com\/gl\/politica-de-cookies-2\/"]}]},{"@type":"BreadcrumbList","@id":"https:\/\/www.parkingaparca.com\/gl\/politica-de-cookies-2\/#breadcrumb","itemListElement":[{"@type":"ListItem","position":1,"name":"Portada","item":"https:\/\/www.parkingaparca.com\/gl\/"},{"@type":"ListItem","position":2,"name":"Pol\u00edtica de cookies"}]},{"@type":"WebSite","@id":"https:\/\/www.parkingaparca.com\/gl\/#website","url":"https:\/\/www.parkingaparca.com\/gl\/","name":"Parking aparcaT","description":"Tu aparcamiento en el centro de A Coru\u00f1a, Betanzos y Vigo.","publisher":{"@id":"https:\/\/www.parkingaparca.com\/gl\/#organization"},"potentialAction":[{"@type":"SearchAction","target":{"@type":"EntryPoint","urlTemplate":"https:\/\/www.parkingaparca.com\/gl\/?s={search_term_string}"},"query-input":{"@type":"PropertyValueSpecification","valueRequired":true,"valueName":"search_term_string"}}],"inLanguage":"gl-ES"},{"@type":"Organization","@id":"https:\/\/www.parkingaparca.com\/gl\/#organization","name":"Parking AparcaT","url":"https:\/\/www.parkingaparca.com\/gl\/","logo":{"@type":"ImageObject","inLanguage":"gl-ES","@id":"https:\/\/www.parkingaparca.com\/gl\/#\/schema\/logo\/image\/","url":"https:\/\/www.parkingaparca.com\/wp-content\/uploads\/2019\/11\/logo_aparcaT.png","contentUrl":"https:\/\/www.parkingaparca.com\/wp-content\/uploads\/2019\/11\/logo_aparcaT.png","width":800,"height":265,"caption":"Parking AparcaT"},"image":{"@id":"https:\/\/www.parkingaparca.com\/gl\/#\/schema\/logo\/image\/"},"sameAs":["https:\/\/www.facebook.com\/parkingaparca\/","https:\/\/www.instagram.com\/parkingaparcat\/"]}]}},"_links":{"self":[{"href":"https:\/\/www.parkingaparca.com\/gl\/wp-json\/wp\/v2\/pages\/3434","targetHints":{"allow":["GET"]}}],"collection":[{"href":"https:\/\/www.parkingaparca.com\/gl\/wp-json\/wp\/v2\/pages"}],"about":[{"href":"https:\/\/www.parkingaparca.com\/gl\/wp-json\/wp\/v2\/types\/page"}],"author":[{"embeddable":true,"href":"https:\/\/www.parkingaparca.com\/gl\/wp-json\/wp\/v2\/users\/1"}],"replies":[{"embeddable":true,"href":"https:\/\/www.parkingaparca.com\/gl\/wp-json\/wp\/v2\/comments?post=3434"}],"version-history":[{"count":4,"href":"https:\/\/www.parkingaparca.com\/gl\/wp-json\/wp\/v2\/pages\/3434\/revisions"}],"predecessor-version":[{"id":3439,"href":"https:\/\/www.parkingaparca.com\/gl\/wp-json\/wp\/v2\/pages\/3434\/revisions\/3439"}],"wp:attachment":[{"href":"https:\/\/www.parkingaparca.com\/gl\/wp-json\/wp\/v2\/media?parent=3434"}],"curies":[{"name":"wp","href":"https:\/\/api.w.org\/{rel}","templated":true}]}}