{"id":3130,"date":"2020-04-27T13:09:41","date_gmt":"2020-04-27T11:09:41","guid":{"rendered":"https:\/\/www.parkingaparca.com\/informacion-sobre-cookies\/"},"modified":"2023-07-28T10:01:48","modified_gmt":"2023-07-28T08:01:48","slug":"informacion-sobre-cookies","status":"publish","type":"page","link":"https:\/\/www.parkingaparca.com\/gl\/informacion-sobre-cookies\/","title":{"rendered":"Informaci\u00f3n sobre cookies"},"content":{"rendered":"\t\t<div data-elementor-type=\"wp-page\" data-elementor-id=\"3130\" class=\"elementor elementor-3130 elementor-585\" data-elementor-post-type=\"page\">\n\t\t\t\t\t\t<section class=\"elementor-section elementor-top-section elementor-element elementor-element-4090703 elementor-section-stretched elementor-section-height-min-height elementor-section-boxed elementor-section-height-default elementor-section-items-middle\" data-id=\"4090703\" data-element_type=\"section\" data-e-type=\"section\" data-settings=\"{&quot;stretch_section&quot;:&quot;section-stretched&quot;,&quot;background_background&quot;:&quot;classic&quot;}\">\n\t\t\t\t\t\t\t<div class=\"elementor-background-overlay\"><\/div>\n\t\t\t\t\t\t\t<div class=\"elementor-container elementor-column-gap-default\">\n\t\t\t\t\t<div class=\"elementor-column elementor-col-100 elementor-top-column elementor-element elementor-element-7f2382c\" data-id=\"7f2382c\" data-element_type=\"column\" data-e-type=\"column\">\n\t\t\t<div class=\"elementor-widget-wrap elementor-element-populated\">\n\t\t\t\t\t\t\t<\/div>\n\t\t<\/div>\n\t\t\t\t\t<\/div>\n\t\t<\/section>\n\t\t\t\t<section class=\"elementor-section elementor-top-section elementor-element elementor-element-4805ed64 elementor-section-boxed elementor-section-height-default elementor-section-height-default\" data-id=\"4805ed64\" data-element_type=\"section\" data-e-type=\"section\">\n\t\t\t\t\t\t<div class=\"elementor-container elementor-column-gap-default\">\n\t\t\t\t\t<div class=\"elementor-column elementor-col-100 elementor-top-column elementor-element elementor-element-58614eac\" data-id=\"58614eac\" data-element_type=\"column\" data-e-type=\"column\">\n\t\t\t<div class=\"elementor-widget-wrap elementor-element-populated\">\n\t\t\t\t\t\t<div class=\"elementor-element elementor-element-1bd59e34 elementor-widget elementor-widget-text-editor\" data-id=\"1bd59e34\" data-element_type=\"widget\" data-e-type=\"widget\" data-widget_type=\"text-editor.default\">\n\t\t\t\t<div class=\"elementor-widget-container\">\n\t\t\t\t\t\t\t\t\t<p><\/p>\n<h2>\u00bfQU\u00c9 \u00c9 UNA COOKIE?<\/h2>\n<p>Unha <em>cookie<\/em> \u00e9 un ficheiro de texto <b>inofensivo<\/b> que se almacena no seu navegador cando visita case calquera p\u00e1xina web. A utilidade da <em>cookie<\/em> \u00e9 que a web sexa capaz de lembrar a s\u00faa visita cando volva navegar por esa p\u00e1xina. A\u00ednda que moita xente non o sabe as <em>cookies<\/em> levan utilizando desde hai 20 anos, cando apareceron os primeiros navegadores para a World Wide Web.<\/p>\n<p> <\/p>\n<h3>\u00bfQU\u00c9 NON \u00c9 UNA COOKIE?<\/h3>\n<p>Non \u00e9 un virus, nin un troyano, nin un verme, nin spam, nin spyware, nin abre xanelas pop-up.<\/p>\n<p> <\/p>\n<h3>\u00bfQU\u00c9 INFORMACI\u00d3N ALMACENA UNHA <em>COOKIE<\/em>?<\/h3>\n<p>As <em>cookies<\/em> non adoitan almacenar informaci\u00f3n sensible sobre vostede, como tarxetas de cr\u00e9dito ou datos bancarios, fotograf\u00edas, o seu DNI ou informaci\u00f3n persoal etc. Os datos que gardan son de car\u00e1cter t\u00e9cnico, preferencias persoais, personalizaci\u00f3n de contidos etc.<\/p>\n<p>O servidor web non lle asocia a vostede como persoa se non \u00e1 s\u00faa navegador web. De feito, se vostede navega habitualmente con Internet Explorer e proba a navegar pola mesma web con Firefox ou Chrome ver\u00e1 que a web non se d\u00e1 conta que \u00e9 vostede a mesma persoa porque en realidade est\u00e1 a asociar ao navegador, non \u00e1 persoa.<\/p>\n<p> <\/p>\n<h3>\u00bfQUE TIPO DE <em>COOKIES<\/em> EXISTEN?<\/h3>\n<ul>\n<li><em>Cookies<\/em> t\u00e9cnicas: Son as m\u00e1is elementais e permiten, entre outras cousas, saber cando est\u00e1 a navegar un humano ou unha aplicaci\u00f3n automatizada, cando navega un usuario an\u00f3nimo e un rexistrado, tarefas b\u00e1sicas para o funcionamento de calquera web din\u00e1mica.<\/li>\n<li><em>Cookies<\/em> de an\u00e1lise: Recollen informaci\u00f3n sobre o tipo de navegaci\u00f3n que est\u00e1 a realizar, as secci\u00f3ns que m\u00e1is utiliza, produtos consultados, franxa horaria de uso, idioma etc.<\/li>\n<li><em>Cookies<\/em> publicitarias: Mostran publicidade en funci\u00f3n da s\u00faa navegaci\u00f3n, o seu pa\u00eds de procedencia, idioma etc.<\/li>\n<\/ul>\n<p> <\/p>\n<h3>\u00bfQU\u00c9 SON AS <em>COOKIES<\/em> PROPIAS E AS DE TERCEIROS?<\/h3>\n<p>As <em>cookies propias<\/em> son as xeradas pola p\u00e1xina que est\u00e1 a visitar e as <em>de terceiros<\/em> son as xeradas por servizos ou provedores externos como Facebook, Twitter, Google etc.<\/p>\n<p> <\/p>\n<h3>\u00bfQU\u00c9 OCORRE SE DESACTIVO AS <em>COOKIES<\/em>?<\/h3>\n<p>Para que entenda o alcance que pode ter desactivar as <em>cookies<\/em> mostr\u00e1moslle uns exemplos:<\/p>\n<ul>\n<li>Non poder\u00e1 compartir contidos desa web en Facebook, Twitter ou calquera outra rede social.<\/li>\n<li>O sitio web non poder\u00e1 adaptar os contidos \u00e1s s\u00faas preferencias persoais, como adoita ocorrer nas tendas en li\u00f1a.<\/li>\n<li>Non poder\u00e1 acceder \u00e1 \u00e1rea persoal desa web, por exemplo A <em>mi\u00f1a conta<\/em>, ou <em>O meu perfil<\/em> ou Os <em>meus pedidos<\/em>.<\/li>\n<li>Tendas en li\u00f1a: Seralle imposible realizar compras en li\u00f1a, ter\u00e1n que ser telef\u00f3nicas ou visitando a tenda f\u00edsica se \u00e9 que disp\u00f3n dela.<\/li>\n<li>Non ser\u00e1 posible personalizar as s\u00faas preferencias xeogr\u00e1ficas como franxa horaria, divisa ou idioma.<\/li>\n<li>O sitio web non poder\u00e1 realizar anal\u00edticas web sobre visitantes e tr\u00e1fico na web, o que dificultar\u00e1 que a web sexa competitiva.<\/li>\n<li>Non poder\u00e1 escribir no blogue, non poder\u00e1 subir fotos, publicar comentarios, valorar ou puntuar contidos. A web tampouco poder\u00e1 saber se vostede \u00e9 un humano ou unha aplicaci\u00f3n automatizada que publica <em>spam<\/em>.<\/li>\n<li>Non se poder\u00e1 mostrar publicidade sectorizada, o que reducir\u00e1 os ingresos publicitarios da web.<\/li>\n<li>Todas as redes sociais usan <em>cookies<\/em>, se as desactiva non poder\u00e1 utilizar ningunha rede social.<\/li>\n<\/ul>\n<p> <\/p>\n<h3>\u00bfP\u00d3DENSE ELIMINAR As <em>COOKIES<\/em>?<\/h3>\n<p>S\u00ed. Non s\u00f3 eliminar, tam\u00e9n bloquear, de forma xeral ou particular para un dominio espec\u00edfico.<\/p>\n<p>Para eliminar as <em>cookies<\/em> dun sitio web debe ir \u00e1 configuraci\u00f3n do seu navegador e al\u00ed poder\u00e1 buscar as asociadas ao dominio en cuesti\u00f3n e proceder \u00e1 s\u00faa eliminaci\u00f3n.<\/p>\n<p> <\/p>\n<h3 id=\"navegadores\">CONFIGURACI\u00d3N DE <em>COOKIES<\/em> PARA Os NAVEGADORES M\u00c1IS POLULARES<\/h3>\n<p>A continuaci\u00f3n indic\u00e1moslle como acceder a unha <em>cookie<\/em> determinada do navegador <b>Chrome<\/b>. Nota: estes pasos poden variar en funci\u00f3n da versi\u00f3n do navegador:<\/p>\n<ol>\n<li>Vaia a Configuraci\u00f3n ou Preferencias mediante o men\u00fa Arquivo ou ben picando a icona de personalizaci\u00f3n que aparece arriba \u00e1 dereita.<\/li>\n<li>Ver\u00e1 diferentes secci\u00f3ns, pique a opci\u00f3n <em>Mostrar opci\u00f3ns avanzadas<\/em>.<\/li>\n<li>Vaia a <em>Privacidade<\/em>, <em>Configuraci\u00f3n de contido.<\/em><\/li>\n<li>Seleccione T<em>odas as cookies e os datos de sitios<\/em>.<\/li>\n<li>Aparecer\u00e1 unha listaxe con todas as <em>cookies<\/em> ordenadas por dominio. Para que lle sexa m\u00e1is f\u00e1cil atopar as <em>cookies<\/em> dun determinado dominio introduza parcial ou totalmente a direcci\u00f3n no campo <em>Buscar cookies<\/em>.<\/li>\n<li>Tras realizar leste filtro aparecer\u00e1n en pantalla unha ou varias li\u00f1as coas <em>cookies<\/em> da web solicitada. Agora s\u00f3 ten que seleccionala e pulsar a <em>X<\/em> para proceder \u00e1 s\u00faa eliminaci\u00f3n.<\/li>\n<\/ol>\n<p>Para acceder \u00e1 configuraci\u00f3n de <em>cookies<\/em> da navegador <b>Internet Explorer<\/b> siga estes pasos (poden variar en funci\u00f3n da versi\u00f3n do navegador):<\/p>\n<ol>\n<li>Vaia a <em>Ferramentas<\/em>, <em>Opci\u00f3ns da internet<\/em><\/li>\n<li>Faga click en <em>Privacidade<\/em>.<\/li>\n<li>Mova o deslizador ata axustar o nivel de privacidade que desexe.<\/li>\n<\/ol>\n<p>Para acceder \u00e1 configuraci\u00f3n de <em>cookies<\/em> do navegador <b>Firefox<\/b> siga estes pasos (poden variar en funci\u00f3n da versi\u00f3n do navegador):<\/p>\n<ol>\n<li>Vaia a <em>Opci\u00f3ns<\/em> ou <em>Preferencias<\/em> segundo o seu sistema operativo.<\/li>\n<li>Faga click en <em>Privacidade<\/em>.<\/li>\n<li>En <em>Historial<\/em> elixa <em>Usar unha configuraci\u00f3n personalizada para o historial<\/em>.<\/li>\n<li>Agora ver\u00e1 a opci\u00f3n <em>Aceptar cookies<\/em>, pode activala ou desactivala segundo as s\u00faas preferencias.<\/li>\n<\/ol>\n<p>Para acceder \u00e1 configuraci\u00f3n de <em>cookies<\/em> do <b>navegador Safari para OSX<\/b> siga estes pasos (poden variar en funci\u00f3n da versi\u00f3n do navegador):<\/p>\n<ol>\n<li>Vaia a <em>Preferencias<\/em>, logo <em>Privacidade<\/em>.<\/li>\n<li>Neste lugar ver\u00e1 a opci\u00f3n <em>Bloquear cookies<\/em> para que axuste o tipo de bloqueo que desexa realizar.<\/li>\n<\/ol>\n<p>Para acceder \u00e1 configuraci\u00f3n de <em>cookies<\/em> do navegador <b>Safari para iOS<\/b> siga estes pasos (poden variar en funci\u00f3n da versi\u00f3n do navegador):<\/p>\n<ol>\n<li>Vaia a <em>Axustes<\/em>, logo <em>Safari<\/em>.<\/li>\n<li>Vaia a <em>Privacidade e Seguridade<\/em>, ver\u00e1 a opci\u00f3n <em>Bloquear cookies<\/em> para que axuste o tipo de bloqueo que desexa realizar.<\/li>\n<\/ol>\n<p>Para acceder \u00e1 configuraci\u00f3n de <em>cookies<\/em> do navegador para dispositivos <b>Android<\/b> siga estes pasos (poden variar en funci\u00f3n da versi\u00f3n do navegador):<\/p>\n<ol>\n<li>Execute o navegador e pulse a tecla <em>Men\u00fa<\/em>, logo <em>Axustes<\/em>.<\/li>\n<li>Vaia a <em>Seguridade e Privacidade<\/em>, ver\u00e1 a opci\u00f3n <em>Aceptar cookies<\/em> para que active ou desactive a casa.<\/li>\n<\/ol>\n<p>Para acceder \u00e1 configuraci\u00f3n de <em>cookies<\/em> do navegador para dispositivos <b>Windows Phone<\/b> siga estes pasos (poden variar en funci\u00f3n da versi\u00f3n do navegador):<\/p>\n<ol>\n<li>Abra <em>Internet Explorer<\/em>, logo <em>M\u00e1is<\/em>, logo <em>Configuraci\u00f3n<\/em><\/li>\n<li>Agora pode activar ou desactivar a casa <em>Permitir cookies<\/em>.<\/li>\n<\/ol>\n<p><\/p>\t\t\t\t\t\t\t\t<\/div>\n\t\t\t\t<\/div>\n\t\t\t\t\t<\/div>\n\t\t<\/div>\n\t\t\t\t\t<\/div>\n\t\t<\/section>\n\t\t\t\t<\/div>\n\t\t","protected":false},"excerpt":{"rendered":"<p>\u00bfQU\u00c9 \u00c9 UNA COOKIE? Unha cookie \u00e9 un ficheiro de texto inofensivo que se almacena no seu navegador cando visita case calquera p\u00e1xina web. A utilidade da cookie \u00e9 que a web sexa capaz de lembrar a s\u00faa visita cando volva navegar por esa p\u00e1xina. A\u00ednda que moita xente non o sabe as cookies levan &#8230; <a title=\"Informaci\u00f3n sobre cookies\" class=\"read-more\" href=\"https:\/\/www.parkingaparca.com\/gl\/informacion-sobre-cookies\/\" aria-label=\"Le m\u00e1is sobre Informaci\u00f3n sobre cookies\">Ler m\u00e1is<\/a><\/p>\n","protected":false},"author":1,"featured_media":0,"parent":0,"menu_order":0,"comment_status":"closed","ping_status":"open","template":"","meta":{"footnotes":""},"class_list":["post-3130","page","type-page","status-publish"],"yoast_head":"<!-- This site is optimized with the Yoast SEO plugin v27.5 - https:\/\/yoast.com\/product\/yoast-seo-wordpress\/ -->\n<title>Informaci\u00f3n sobre cookies | Parking aparcaT<\/title>\n<meta name=\"robots\" content=\"index, follow, max-snippet:-1, max-image-preview:large, max-video-preview:-1\" \/>\n<link rel=\"canonical\" href=\"https:\/\/www.parkingaparca.com\/gl\/informacion-sobre-cookies\/\" \/>\n<meta property=\"og:locale\" content=\"gl_ES\" \/>\n<meta property=\"og:type\" content=\"article\" \/>\n<meta property=\"og:title\" content=\"Informaci\u00f3n sobre cookies | Parking aparcaT\" \/>\n<meta property=\"og:description\" content=\"\u00bfQU\u00c9 \u00c9 UNA COOKIE? Unha cookie \u00e9 un ficheiro de texto inofensivo que se almacena no seu navegador cando visita case calquera p\u00e1xina web. A utilidade da cookie \u00e9 que a web sexa capaz de lembrar a s\u00faa visita cando volva navegar por esa p\u00e1xina. A\u00ednda que moita xente non o sabe as cookies levan ... Ler m\u00e1is\" \/>\n<meta property=\"og:url\" content=\"https:\/\/www.parkingaparca.com\/gl\/informacion-sobre-cookies\/\" \/>\n<meta property=\"og:site_name\" content=\"Parking aparcaT\" \/>\n<meta property=\"article:publisher\" content=\"https:\/\/www.facebook.com\/parkingaparca\/\" \/>\n<meta property=\"article:modified_time\" content=\"2023-07-28T08:01:48+00:00\" \/>\n<meta property=\"og:image\" content=\"https:\/\/www.parkingaparca.com\/wp-content\/uploads\/2020\/05\/Aparcat-seguridad-y-confianza-web.jpg\" \/>\n\t<meta property=\"og:image:width\" content=\"1200\" \/>\n\t<meta property=\"og:image:height\" content=\"800\" \/>\n\t<meta property=\"og:image:type\" content=\"image\/jpeg\" \/>\n<meta name=\"twitter:card\" content=\"summary_large_image\" \/>\n<meta name=\"twitter:label1\" content=\"Tempo de lectura\" \/>\n\t<meta name=\"twitter:data1\" content=\"5 minutos\" \/>\n<script type=\"application\/ld+json\" class=\"yoast-schema-graph\">{\"@context\":\"https:\\\/\\\/schema.org\",\"@graph\":[{\"@type\":\"WebPage\",\"@id\":\"https:\\\/\\\/www.parkingaparca.com\\\/gl\\\/informacion-sobre-cookies\\\/\",\"url\":\"https:\\\/\\\/www.parkingaparca.com\\\/gl\\\/informacion-sobre-cookies\\\/\",\"name\":\"Informaci\u00f3n sobre cookies | Parking aparcaT\",\"isPartOf\":{\"@id\":\"https:\\\/\\\/www.parkingaparca.com\\\/gl\\\/#website\"},\"datePublished\":\"2020-04-27T11:09:41+00:00\",\"dateModified\":\"2023-07-28T08:01:48+00:00\",\"breadcrumb\":{\"@id\":\"https:\\\/\\\/www.parkingaparca.com\\\/gl\\\/informacion-sobre-cookies\\\/#breadcrumb\"},\"inLanguage\":\"gl-ES\",\"potentialAction\":[{\"@type\":\"ReadAction\",\"target\":[\"https:\\\/\\\/www.parkingaparca.com\\\/gl\\\/informacion-sobre-cookies\\\/\"]}]},{\"@type\":\"BreadcrumbList\",\"@id\":\"https:\\\/\\\/www.parkingaparca.com\\\/gl\\\/informacion-sobre-cookies\\\/#breadcrumb\",\"itemListElement\":[{\"@type\":\"ListItem\",\"position\":1,\"name\":\"Portada\",\"item\":\"https:\\\/\\\/www.parkingaparca.com\\\/gl\\\/\"},{\"@type\":\"ListItem\",\"position\":2,\"name\":\"Informaci\u00f3n sobre cookies\"}]},{\"@type\":\"WebSite\",\"@id\":\"https:\\\/\\\/www.parkingaparca.com\\\/gl\\\/#website\",\"url\":\"https:\\\/\\\/www.parkingaparca.com\\\/gl\\\/\",\"name\":\"Parking aparcaT\",\"description\":\"Tu aparcamiento en el centro de A Coru\u00f1a, Betanzos y Vigo.\",\"publisher\":{\"@id\":\"https:\\\/\\\/www.parkingaparca.com\\\/gl\\\/#organization\"},\"potentialAction\":[{\"@type\":\"SearchAction\",\"target\":{\"@type\":\"EntryPoint\",\"urlTemplate\":\"https:\\\/\\\/www.parkingaparca.com\\\/gl\\\/?s={search_term_string}\"},\"query-input\":{\"@type\":\"PropertyValueSpecification\",\"valueRequired\":true,\"valueName\":\"search_term_string\"}}],\"inLanguage\":\"gl-ES\"},{\"@type\":\"Organization\",\"@id\":\"https:\\\/\\\/www.parkingaparca.com\\\/gl\\\/#organization\",\"name\":\"Parking AparcaT\",\"url\":\"https:\\\/\\\/www.parkingaparca.com\\\/gl\\\/\",\"logo\":{\"@type\":\"ImageObject\",\"inLanguage\":\"gl-ES\",\"@id\":\"https:\\\/\\\/www.parkingaparca.com\\\/gl\\\/#\\\/schema\\\/logo\\\/image\\\/\",\"url\":\"https:\\\/\\\/www.parkingaparca.com\\\/wp-content\\\/uploads\\\/2019\\\/11\\\/logo_aparcaT.png\",\"contentUrl\":\"https:\\\/\\\/www.parkingaparca.com\\\/wp-content\\\/uploads\\\/2019\\\/11\\\/logo_aparcaT.png\",\"width\":800,\"height\":265,\"caption\":\"Parking AparcaT\"},\"image\":{\"@id\":\"https:\\\/\\\/www.parkingaparca.com\\\/gl\\\/#\\\/schema\\\/logo\\\/image\\\/\"},\"sameAs\":[\"https:\\\/\\\/www.facebook.com\\\/parkingaparca\\\/\",\"https:\\\/\\\/www.instagram.com\\\/parkingaparcat\\\/\"]}]}<\/script>\n<!-- \/ Yoast SEO plugin. -->","yoast_head_json":{"title":"Informaci\u00f3n sobre cookies | Parking aparcaT","robots":{"index":"index","follow":"follow","max-snippet":"max-snippet:-1","max-image-preview":"max-image-preview:large","max-video-preview":"max-video-preview:-1"},"canonical":"https:\/\/www.parkingaparca.com\/gl\/informacion-sobre-cookies\/","og_locale":"gl_ES","og_type":"article","og_title":"Informaci\u00f3n sobre cookies | Parking aparcaT","og_description":"\u00bfQU\u00c9 \u00c9 UNA COOKIE? Unha cookie \u00e9 un ficheiro de texto inofensivo que se almacena no seu navegador cando visita case calquera p\u00e1xina web. A utilidade da cookie \u00e9 que a web sexa capaz de lembrar a s\u00faa visita cando volva navegar por esa p\u00e1xina. A\u00ednda que moita xente non o sabe as cookies levan ... Ler m\u00e1is","og_url":"https:\/\/www.parkingaparca.com\/gl\/informacion-sobre-cookies\/","og_site_name":"Parking aparcaT","article_publisher":"https:\/\/www.facebook.com\/parkingaparca\/","article_modified_time":"2023-07-28T08:01:48+00:00","og_image":[{"width":1200,"height":800,"url":"https:\/\/www.parkingaparca.com\/wp-content\/uploads\/2020\/05\/Aparcat-seguridad-y-confianza-web.jpg","type":"image\/jpeg"}],"twitter_card":"summary_large_image","twitter_misc":{"Tempo de lectura":"5 minutos"},"schema":{"@context":"https:\/\/schema.org","@graph":[{"@type":"WebPage","@id":"https:\/\/www.parkingaparca.com\/gl\/informacion-sobre-cookies\/","url":"https:\/\/www.parkingaparca.com\/gl\/informacion-sobre-cookies\/","name":"Informaci\u00f3n sobre cookies | Parking aparcaT","isPartOf":{"@id":"https:\/\/www.parkingaparca.com\/gl\/#website"},"datePublished":"2020-04-27T11:09:41+00:00","dateModified":"2023-07-28T08:01:48+00:00","breadcrumb":{"@id":"https:\/\/www.parkingaparca.com\/gl\/informacion-sobre-cookies\/#breadcrumb"},"inLanguage":"gl-ES","potentialAction":[{"@type":"ReadAction","target":["https:\/\/www.parkingaparca.com\/gl\/informacion-sobre-cookies\/"]}]},{"@type":"BreadcrumbList","@id":"https:\/\/www.parkingaparca.com\/gl\/informacion-sobre-cookies\/#breadcrumb","itemListElement":[{"@type":"ListItem","position":1,"name":"Portada","item":"https:\/\/www.parkingaparca.com\/gl\/"},{"@type":"ListItem","position":2,"name":"Informaci\u00f3n sobre cookies"}]},{"@type":"WebSite","@id":"https:\/\/www.parkingaparca.com\/gl\/#website","url":"https:\/\/www.parkingaparca.com\/gl\/","name":"Parking aparcaT","description":"Tu aparcamiento en el centro de A Coru\u00f1a, Betanzos y Vigo.","publisher":{"@id":"https:\/\/www.parkingaparca.com\/gl\/#organization"},"potentialAction":[{"@type":"SearchAction","target":{"@type":"EntryPoint","urlTemplate":"https:\/\/www.parkingaparca.com\/gl\/?s={search_term_string}"},"query-input":{"@type":"PropertyValueSpecification","valueRequired":true,"valueName":"search_term_string"}}],"inLanguage":"gl-ES"},{"@type":"Organization","@id":"https:\/\/www.parkingaparca.com\/gl\/#organization","name":"Parking AparcaT","url":"https:\/\/www.parkingaparca.com\/gl\/","logo":{"@type":"ImageObject","inLanguage":"gl-ES","@id":"https:\/\/www.parkingaparca.com\/gl\/#\/schema\/logo\/image\/","url":"https:\/\/www.parkingaparca.com\/wp-content\/uploads\/2019\/11\/logo_aparcaT.png","contentUrl":"https:\/\/www.parkingaparca.com\/wp-content\/uploads\/2019\/11\/logo_aparcaT.png","width":800,"height":265,"caption":"Parking AparcaT"},"image":{"@id":"https:\/\/www.parkingaparca.com\/gl\/#\/schema\/logo\/image\/"},"sameAs":["https:\/\/www.facebook.com\/parkingaparca\/","https:\/\/www.instagram.com\/parkingaparcat\/"]}]}},"_links":{"self":[{"href":"https:\/\/www.parkingaparca.com\/gl\/wp-json\/wp\/v2\/pages\/3130","targetHints":{"allow":["GET"]}}],"collection":[{"href":"https:\/\/www.parkingaparca.com\/gl\/wp-json\/wp\/v2\/pages"}],"about":[{"href":"https:\/\/www.parkingaparca.com\/gl\/wp-json\/wp\/v2\/types\/page"}],"author":[{"embeddable":true,"href":"https:\/\/www.parkingaparca.com\/gl\/wp-json\/wp\/v2\/users\/1"}],"replies":[{"embeddable":true,"href":"https:\/\/www.parkingaparca.com\/gl\/wp-json\/wp\/v2\/comments?post=3130"}],"version-history":[{"count":3,"href":"https:\/\/www.parkingaparca.com\/gl\/wp-json\/wp\/v2\/pages\/3130\/revisions"}],"predecessor-version":[{"id":3133,"href":"https:\/\/www.parkingaparca.com\/gl\/wp-json\/wp\/v2\/pages\/3130\/revisions\/3133"}],"wp:attachment":[{"href":"https:\/\/www.parkingaparca.com\/gl\/wp-json\/wp\/v2\/media?parent=3130"}],"curies":[{"name":"wp","href":"https:\/\/api.w.org\/{rel}","templated":true}]}}